{"id":26,"date":"2018-12-20T04:27:24","date_gmt":"2018-12-20T04:27:24","guid":{"rendered":"https:\/\/demo2wpopal.b-cdn.net\/maisonco\/?page_id=26"},"modified":"2025-08-08T12:40:58","modified_gmt":"2025-08-08T12:40:58","slug":"bize-ulasin","status":"publish","type":"page","link":"https:\/\/boutiquehomesturkiye.com.tr\/ar\/bize-ulasin\/","title":{"rendered":"\u0627\u062a\u0635\u0644 \u0628\u0646\u0627"},"content":{"rendered":"<div data-elementor-type=\"wp-post\" data-elementor-id=\"26\" class=\"elementor elementor-26\">\n\t\t\t\t\t\t<section class=\"elementor-section elementor-top-section elementor-element elementor-element-34ce25d6 elementor-section-full_width elementor-section-stretched elementor-section-height-default elementor-section-height-default elementor-invisible\" data-id=\"34ce25d6\" data-element_type=\"section\" data-settings=\"{&quot;stretch_section&quot;:&quot;section-stretched&quot;,&quot;animation&quot;:&quot;fadeIn&quot;,&quot;animation_delay&quot;:200}\">\n\t\t\t\t\t\t<div class=\"elementor-container elementor-column-gap-no\">\n\t\t\t\t\t<div class=\"elementor-column elementor-col-100 elementor-top-column elementor-element elementor-element-834c189\" data-id=\"834c189\" data-element_type=\"column\">\n\t\t\t<div class=\"elementor-widget-wrap elementor-element-populated\">\n\t\t\t\t\t\t<div class=\"elementor-element elementor-element-4e57c40 elementor-widget elementor-widget-google_maps\" data-id=\"4e57c40\" data-element_type=\"widget\" data-widget_type=\"google_maps.default\">\n\t\t\t\t<div class=\"elementor-widget-container\">\n\t\t\t\t\t\t\t<div class=\"elementor-custom-embed\">\n\t\t\t<iframe loading=\"lazy\"\n\t\t\t\t\tsrc=\"https:\/\/maps.google.com\/maps?q=Atat%C3%BCrk%20Mah.%20Zuhal%20Sok.%20No%3A1%2F5%20B%C3%BCy%C3%BCk%C3%A7ekmece%20-%20%C4%B0stanbul%20Asil%20%C4%B0n%C5%9Faat&#038;t=m&#038;z=16&#038;output=embed&#038;iwloc=near\"\n\t\t\t\t\ttitle=\"\u0623\u062a\u0627\u062a\u0648\u0631\u0643 \u0645\u0627\u0647. \u0632\u0648\u0647\u0627\u0644 \u0633\u0648\u0643. No:1\/5 Buyukcekkmece - Istanbul Asil Construction\"\n\t\t\t\t\taria-label=\"\u0623\u062a\u0627\u062a\u0648\u0631\u0643 \u0645\u0627\u0647. \u0632\u0648\u0647\u0627\u0644 \u0633\u0648\u0643. No:1\/5 Buyukcekkmece - Istanbul Asil Construction\"\n\t\t\t><\/iframe>\n\t\t<\/div>\n\t\t\t\t\t\t<\/div>\n\t\t\t\t<\/div>\n\t\t\t\t\t<\/div>\n\t\t<\/div>\n\t\t\t\t\t<\/div>\n\t\t<\/section>\n\t\t\t\t<section class=\"elementor-section elementor-top-section elementor-element elementor-element-3fd57b64 elementor-section-stretched elementor-section-content-middle elementor-section-boxed elementor-section-height-default elementor-section-height-default\" data-id=\"3fd57b64\" data-element_type=\"section\" data-settings=\"{&quot;stretch_section&quot;:&quot;section-stretched&quot;}\">\n\t\t\t\t\t\t<div class=\"elementor-container elementor-column-gap-extended\">\n\t\t\t\t\t<div class=\"elementor-column elementor-col-50 elementor-top-column elementor-element elementor-element-3fd899a4 elementor-invisible\" data-id=\"3fd899a4\" data-element_type=\"column\" data-settings=\"{&quot;background_background&quot;:&quot;classic&quot;,&quot;animation&quot;:&quot;scale&quot;,&quot;animation_delay&quot;:200}\">\n\t\t\t<div class=\"elementor-widget-wrap elementor-element-populated\">\n\t\t\t\t\t\t<div class=\"elementor-element elementor-element-04162ba elementor-widget__width-initial elementor-widget elementor-widget-shortcode\" data-id=\"04162ba\" data-element_type=\"widget\" data-widget_type=\"shortcode.default\">\n\t\t\t\t<div class=\"elementor-widget-container\">\n\t\t\t\t\t\t\t<div class=\"elementor-shortcode\"><div class=\"wpforms-container wpforms-container-full wpforms-render-modern\" id=\"wpforms-3833\"><form id=\"wpforms-form-3833\" class=\"wpforms-validate wpforms-form wpforms-ajax-form\" data-formid=\"3833\" method=\"post\" enctype=\"multipart\/form-data\" action=\"\/ar\/wp-json\/wp\/v2\/pages\/26\" data-token=\"9030c574952f476b847be31211fb0c1c\" data-token-time=\"1777730538\" data-trp-original-action=\"\/ar\/wp-json\/wp\/v2\/pages\/26\"><noscript class=\"wpforms-error-noscript\">Please enable JavaScript in your browser to complete this form.<\/noscript><div class=\"wpforms-hidden\" id=\"wpforms-error-noscript\">Please enable JavaScript in your browser to complete this form.<\/div><div class=\"wpforms-field-container\"><div id=\"wpforms-3833-field_0-container\" class=\"wpforms-field wpforms-field-name\" data-field-id=\"0\"><label class=\"wpforms-field-label\" for=\"wpforms-3833-field_0\">\u0627\u0633\u0645\u0643 \u0648\u0644\u0642\u0628\u0643 <span class=\"wpforms-required-label\" aria-hidden=\"true\">*<\/span><\/label><input type=\"text\" id=\"wpforms-3833-field_0\" class=\"wpforms-field-medium wpforms-field-required\" name=\"wpforms[fields][0]\" placeholder=\"\u0627\u0644\u0627\u0633\u0645 \u0627\u0644\u0644\u0642\u0628\" aria-errormessage=\"wpforms-3833-field_0-error\" aria-describedby=\"wpforms-3833-field_0-description\" required><div id=\"wpforms-3833-field_0-description\" class=\"wpforms-field-description\">\u064a\u0631\u062c\u0649 \u0645\u0634\u0627\u0631\u0643\u0629 \u0627\u0633\u0645\u0643 \u0627\u0644\u0623\u0648\u0644 \u0648\u0627\u0633\u0645 \u0639\u0627\u0626\u0644\u062a\u0643 \u0645\u0639\u0646\u0627 \u062d\u062a\u0649 \u0646\u062a\u0645\u0643\u0646 \u0645\u0646 \u0627\u0644\u062a\u0648\u0627\u0635\u0644 \u0645\u0639\u0643 \u0628\u0634\u0643\u0644 \u0623\u0643\u062b\u0631 \u0641\u0639\u0627\u0644\u064a\u0629 \u0648\u062a\u0642\u062f\u064a\u0645 \u062e\u062f\u0645\u0629 \u0645\u062e\u0635\u0635\u0629.<\/div><\/div><div id=\"wpforms-3833-field_1-container\" class=\"wpforms-field wpforms-field-email\" data-field-id=\"1\"><label class=\"wpforms-field-label\" for=\"wpforms-3833-field_1\">\u0627\u0644\u0628\u0631\u064a\u062f \u0627\u0644\u0625\u0644\u0643\u062a\u0631\u0648\u0646\u064a <span class=\"wpforms-required-label\" aria-hidden=\"true\">*<\/span><\/label><input type=\"email\" id=\"wpforms-3833-field_1\" class=\"wpforms-field-medium wpforms-field-required\" name=\"wpforms[fields][1]\" placeholder=\"isimsoyisim@gmail.com\" spellcheck=\"false\" aria-errormessage=\"wpforms-3833-field_1-error\" aria-describedby=\"wpforms-3833-field_1-description\" required><div id=\"wpforms-3833-field_1-description\" class=\"wpforms-field-description\">\u064a\u0631\u062c\u0649 \u0639\u062f\u0645 \u0627\u0644\u062a\u0631\u062f\u062f \u0641\u064a \u062a\u0632\u0648\u064a\u062f\u0646\u0627 \u0628\u0639\u0646\u0648\u0627\u0646 \u0628\u0631\u064a\u062f\u0643 \u0627\u0644\u0625\u0644\u0643\u062a\u0631\u0648\u0646\u064a \u062d\u062a\u0649 \u0646\u062a\u0645\u0643\u0646 \u0645\u0646 \u062a\u0632\u0648\u064a\u062f\u0643 \u0628\u0645\u0632\u064a\u062f \u0645\u0646 \u0627\u0644\u0645\u0639\u0644\u0648\u0645\u0627\u062a \u0623\u0648 \u0627\u0644\u0627\u062a\u0635\u0627\u0644 \u0628\u0643.<\/div><\/div><div id=\"wpforms-3833-field_3-container\" class=\"wpforms-field wpforms-field-phone\" data-field-id=\"3\"><label class=\"wpforms-field-label\" for=\"wpforms-3833-field_3\">\u0631\u0642\u0645 \u0647\u0627\u062a\u0641\u0643 <span class=\"wpforms-required-label\" aria-hidden=\"true\">*<\/span><\/label><input type=\"tel\" id=\"wpforms-3833-field_3\" class=\"wpforms-field-medium wpforms-field-required\" data-rule-int-phone-field=\"true\" name=\"wpforms[fields][3]\" placeholder=\"+90500 123 45 67\" aria-label=\"\u0631\u0642\u0645 \u0647\u0627\u062a\u0641\u0643\" aria-errormessage=\"wpforms-3833-field_3-error\" aria-describedby=\"wpforms-3833-field_3-description\" required><div id=\"wpforms-3833-field_3-description\" class=\"wpforms-field-description\">\u064a\u064f\u0631\u062c\u0649 \u0625\u062f\u062e\u0627\u0644 \u0631\u0642\u0645 \u0647\u0627\u062a\u0641\u0643.<\/div><\/div><div id=\"wpforms-3833-field_2-container\" class=\"wpforms-field wpforms-field-textarea\" data-field-id=\"2\"><label class=\"wpforms-field-label\" for=\"wpforms-3833-field_2\">\u062a\u0639\u0644\u064a\u0642 \u0623\u0648 \u0631\u0633\u0627\u0644\u0629 <\/label><textarea id=\"wpforms-3833-field_2\" class=\"wpforms-field-medium\" name=\"wpforms[fields][2]\" placeholder=\"\u0641\u064a \u0647\u0630\u0627 \u0627\u0644\u0642\u0633\u0645\u060c \u064a\u0645\u0643\u0646\u0643 \u0643\u062a\u0627\u0628\u0629 \u0645\u0642\u0627\u0644\u0627\u062a\u0643 \u0648\u062a\u0639\u0644\u064a\u0642\u0627\u062a\u0643 \u0648\u0631\u063a\u0628\u0627\u062a\u0643 \u0648\u0634\u0643\u0627\u0648\u0627\u0643 \u062d\u0648\u0644 \u0645\u0648\u0636\u0648\u0639 \u062a\u0631\u064a\u062f \u0627\u0644\u062d\u0635\u0648\u0644 \u0639\u0644\u0649 \u0645\u0639\u0644\u0648\u0645\u0627\u062a \u0639\u0646\u0647...\" aria-errormessage=\"wpforms-3833-field_2-error\" aria-describedby=\"wpforms-3833-field_2-description\" ><\/textarea><div id=\"wpforms-3833-field_2-description\" class=\"wpforms-field-description\">\u062a\u064f\u0639\u062f \u0645\u0646\u0635\u0629 \u0627\u0644\u062a\u0648\u0627\u0635\u0644 \u0647\u0630\u0647 \u0628\u0645\u062b\u0627\u0628\u0629 \u0623\u062f\u0627\u0629 \u064a\u0645\u0643\u0646 \u0627\u0633\u062a\u062e\u062f\u0627\u0645\u0647\u0627 \u0644\u0644\u062d\u0635\u0648\u0644 \u0639\u0644\u0649 \u0645\u0639\u0644\u0648\u0645\u0627\u062a \u0639\u0646 \u0627\u0644\u0625\u0646\u0634\u0627\u0621\u0627\u062a \u0648\u0627\u0644\u0645\u0634\u0627\u0631\u064a\u0639\u060c \u0623\u0648 \u0644\u0637\u0631\u062d \u0627\u0644\u0623\u0633\u0626\u0644\u0629\u060c \u0623\u0648 \u0644\u0645\u0634\u0627\u0631\u0643\u0629 \u0622\u0631\u0627\u0626\u0643 \u0623\u0648 \u0644\u0625\u0631\u0633\u0627\u0644 \u0631\u0633\u0627\u0626\u0644 \u0645\u0647\u0645\u0627 \u0643\u0627\u0646\u062a \u0627\u0647\u062a\u0645\u0627\u0645\u0627\u062a\u0643.<\/div><\/div><\/div><!-- .wpforms-field-container --><div class=\"wpforms-submit-container\" ><input type=\"hidden\" name=\"wpforms[id]\" value=\"3833\"><input type=\"hidden\" name=\"page_title\" value=\"\"><input type=\"hidden\" name=\"page_url\" value=\"https:\/\/boutiquehomesturkiye.com.tr\/ar\/wp-json\/wp\/v2\/pages\/26\"><input type=\"hidden\" name=\"url_referer\" value=\"\"><button type=\"submit\" name=\"wpforms[submit]\" id=\"wpforms-submit-3833\" class=\"wpforms-submit\" data-alt-text=\"G\u00f6nderiliyor...\" data-submit-text=\"G\u00f6nder\" aria-live=\"assertive\" value=\"wpforms-submit\">\u0625\u0631\u0633\u0627\u0644<\/button><img decoding=\"async\" src=\"https:\/\/boutiquehomesturkiye.com.tr\/wp-content\/plugins\/wpforms\/assets\/images\/submit-spin.svg\" class=\"wpforms-submit-spinner\" style=\"display: none;\" width=\"26\" height=\"26\" alt=\"Loading\"><\/div><input type=\"hidden\" name=\"trp-form-language\" value=\"ar\"\/><\/form><\/div>  <!-- .wpforms-container --><\/div>\n\t\t\t\t\t\t<\/div>\n\t\t\t\t<\/div>\n\t\t\t\t\t<\/div>\n\t\t<\/div>\n\t\t\t\t<div class=\"elementor-column elementor-col-50 elementor-top-column elementor-element elementor-element-59b33704 elementor-invisible\" data-id=\"59b33704\" data-element_type=\"column\" data-settings=\"{&quot;animation&quot;:&quot;slide-up&quot;,&quot;animation_delay&quot;:500}\">\n\t\t\t<div class=\"elementor-widget-wrap elementor-element-populated\">\n\t\t\t\t\t\t<div class=\"elementor-element elementor-element-5b897a5a elementor-widget elementor-widget-heading\" data-id=\"5b897a5a\" data-element_type=\"widget\" data-widget_type=\"heading.default\">\n\t\t\t\t<div class=\"elementor-widget-container\">\n\t\t\t\t\t<h2 class=\"elementor-heading-title elementor-size-default\">\"\u0646\u062d\u0646 \u0645\u062a\u0648\u0627\u062c\u062f\u0648\u0646 \u0639\u0644\u0649 \u0645\u062f\u0627\u0631 \u0627\u0644\u0633\u0627\u0639\u0629\u060c \u0643\u0644 \u064a\u0648\u0645 \u0645\u0646 \u0623\u064a\u0627\u0645 \u0627\u0644\u0623\u0633\u0628\u0648\u0639\u060c \u0644\u0644\u062a\u0648\u0627\u0635\u0644 \u0645\u0639\u0643 \u0648\u0645\u0633\u0627\u0639\u062f\u062a\u0643. \u064a\u0631\u062c\u0649 \u0639\u062f\u0645 \u0627\u0644\u062a\u0631\u062f\u062f \u0641\u064a \u0627\u0644\u0627\u062a\u0635\u0627\u0644 \u0628\u0646\u0627.\"<\/h2>\t\t\t\t<\/div>\n\t\t\t\t<\/div>\n\t\t\t\t<div class=\"elementor-element elementor-element-16e01772 elementor-widget elementor-widget-text-editor\" data-id=\"16e01772\" data-element_type=\"widget\" data-widget_type=\"text-editor.default\">\n\t\t\t\t<div class=\"elementor-widget-container\">\n\t\t\t\t\t\t\t\t\t<p>\"\u0627\u062a\u0635\u0644 \u0628\u0646\u0627 \u0648\u0634\u0627\u0631\u0643\u0646\u0627 \u0623\u0641\u0643\u0627\u0631\u0643 \u0623\u0648 \u0627\u0637\u0631\u062d \u0623\u0633\u0626\u0644\u062a\u0643 \u0623\u0648 \u062a\u062d\u062f\u062b \u0639\u0646 \u0641\u0631\u0635 \u0627\u0644\u062a\u0639\u0627\u0648\u0646. \u0646\u062d\u0646 \u0646\u062a\u0637\u0644\u0639 \u0625\u0644\u0649 \u0627\u0644\u0627\u0633\u062a\u0645\u0627\u0639 \u0625\u0644\u064a\u0643.\"<\/p>\t\t\t\t\t\t\t\t<\/div>\n\t\t\t\t<\/div>\n\t\t\t\t\t<\/div>\n\t\t<\/div>\n\t\t\t\t\t<\/div>\n\t\t<\/section>\n\t\t\t\t<section class=\"elementor-section elementor-top-section elementor-element elementor-element-42e5d97a elementor-section-stretched elementor-section-boxed elementor-section-height-default elementor-section-height-default\" data-id=\"42e5d97a\" data-element_type=\"section\" data-settings=\"{&quot;stretch_section&quot;:&quot;section-stretched&quot;}\">\n\t\t\t\t\t\t<div class=\"elementor-container elementor-column-gap-extended\">\n\t\t\t\t\t<div class=\"elementor-column elementor-col-100 elementor-top-column elementor-element elementor-element-542e9d44 elementor-invisible\" data-id=\"542e9d44\" data-element_type=\"column\" data-settings=\"{&quot;animation&quot;:&quot;slide-up&quot;}\">\n\t\t\t<div class=\"elementor-widget-wrap elementor-element-populated\">\n\t\t\t\t\t\t<div class=\"elementor-element elementor-element-1296a1bb elementor-heading__align-center elementor-widget elementor-widget-heading\" data-id=\"1296a1bb\" data-element_type=\"widget\" data-widget_type=\"heading.default\">\n\t\t\t\t<div class=\"elementor-widget-container\">\n\t\t\t\t\t<h2 class=\"elementor-heading-title elementor-size-default\">\n\"\u0646\u062d\u0646 \u0641\u064a \u0627\u0646\u062a\u0638\u0627\u0631\u0643\u060c \u062a\u0639\u0627\u0644 \u0644\u0632\u064a\u0627\u0631\u062a\u0646\u0627.\"<\/h2>\t\t\t\t<\/div>\n\t\t\t\t<\/div>\n\t\t\t\t<div class=\"elementor-element elementor-element-75d917e5 elementor-widget elementor-widget-text-editor\" data-id=\"75d917e5\" data-element_type=\"widget\" data-widget_type=\"text-editor.default\">\n\t\t\t\t<div class=\"elementor-widget-container\">\n\t\t\t\t\t\t\t\t\t<p>\"\u0644\u0627 \u062a\u062a\u0631\u062f\u062f \u0641\u064a \u0632\u064a\u0627\u0631\u0629 \u0645\u0643\u062a\u0628\u0646\u0627. \u0648\u0633\u064a\u0633\u0639\u062f\u0646\u0627 \u0627\u0644\u062a\u0631\u062d\u064a\u0628 \u0628\u0643\u0645 \u0645\u0646 \u0623\u062c\u0644 \u062e\u062f\u0645\u062a\u0643\u0645 \u0639\u0646 \u0643\u062b\u0628 \u0648\u0627\u0644\u0627\u0633\u062a\u062c\u0627\u0628\u0629 \u0644\u0627\u062d\u062a\u064a\u0627\u062c\u0627\u062a\u0643\u0645 \u0628\u0634\u0643\u0644 \u0623\u0641\u0636\u0644.\"<\/p>\t\t\t\t\t\t\t\t<\/div>\n\t\t\t\t<\/div>\n\t\t\t\t\t<\/div>\n\t\t<\/div>\n\t\t\t\t\t<\/div>\n\t\t<\/section>\n\t\t\t\t<section class=\"elementor-section elementor-top-section elementor-element elementor-element-24ba39fe elementor-section-stretched elementor-section-boxed elementor-section-height-default elementor-section-height-default\" data-id=\"24ba39fe\" data-element_type=\"section\" data-settings=\"{&quot;stretch_section&quot;:&quot;section-stretched&quot;}\">\n\t\t\t\t\t\t<div class=\"elementor-container elementor-column-gap-extended\">\n\t\t\t\t\t<div class=\"elementor-column elementor-col-50 elementor-top-column elementor-element elementor-element-734c40ed elementor-invisible\" data-id=\"734c40ed\" data-element_type=\"column\" data-settings=\"{&quot;background_background&quot;:&quot;classic&quot;,&quot;animation&quot;:&quot;slide-right&quot;}\">\n\t\t\t<div class=\"elementor-widget-wrap elementor-element-populated\">\n\t\t\t\t\t\t<div class=\"elementor-element elementor-element-31d5cd13 elementor-widget elementor-widget-image\" data-id=\"31d5cd13\" data-element_type=\"widget\" data-widget_type=\"image.default\">\n\t\t\t\t<div class=\"elementor-widget-container\">\n\t\t\t\t\t\t\t\t\t\t\t\t\t\t\t<img decoding=\"async\" width=\"120\" height=\"120\" src=\"https:\/\/boutiquehomesturkiye.com.tr\/wp-content\/uploads\/2024\/01\/eiffel-tower.svg\" class=\"attachment-full size-full wp-image-3822\" alt=\"\" \/>\t\t\t\t\t\t\t\t\t\t\t\t\t\t\t<\/div>\n\t\t\t\t<\/div>\n\t\t\t\t<div class=\"elementor-element elementor-element-7724f37a elementor-heading__align-center elementor-widget elementor-widget-heading\" data-id=\"7724f37a\" data-element_type=\"widget\" data-widget_type=\"heading.default\">\n\t\t\t\t<div class=\"elementor-widget-container\">\n\t\t\t\t\t<h2 class=\"elementor-heading-title elementor-size-default\">\u0645\u0643\u062a\u0628 \u0627\u0644\u0645\u0628\u064a\u0639\u0627\u062a<\/h2>\t\t\t\t<\/div>\n\t\t\t\t<\/div>\n\t\t\t\t<div class=\"elementor-element elementor-element-d7af4f elementor-widget elementor-widget-text-editor\" data-id=\"d7af4f\" data-element_type=\"widget\" data-widget_type=\"text-editor.default\">\n\t\t\t\t<div class=\"elementor-widget-container\">\n\t\t\t\t\t\t\t\t\t<p>\u0623\u062a\u0627\u062a\u0648\u0631\u0643 \u0645\u062d\u0644\u0629 \u0623\u062a\u0627\u062a\u0648\u0631\u0643 \u0632\u0648\u0647\u0627\u0644 \u0633\u0648\u0643\u0627\u0643 \u0646\u0648\u0645\u0627\u0631\u0627: 1 \/ 5 \u0628\u064a\u0648\u0643 \u0634\u0643\u0645\u062c\u0629 - \u0625\u0633\u0637\u0646\u0628\u0648\u0644 \/ \u062a\u0631\u0643\u064a\u0627 <strong>\u0628\u064a \u0643\u064a\u0647:<\/strong> 34500 (\u064a\u0645\u0643\u0646\u0643 \u0627\u0633\u062a\u062e\u062f\u0627\u0645 \u0647\u0630\u0627 \u0627\u0644\u0639\u0646\u0648\u0627\u0646 \u0644\u0634\u062d\u0646\u0627\u062a \u0627\u0644\u0628\u0636\u0627\u0626\u0639)<\/p>\t\t\t\t\t\t\t\t<\/div>\n\t\t\t\t<\/div>\n\t\t\t\t<div class=\"elementor-element elementor-element-2d74746d elementor-widget elementor-widget-text-editor\" data-id=\"2d74746d\" data-element_type=\"widget\" data-widget_type=\"text-editor.default\">\n\t\t\t\t<div class=\"elementor-widget-container\">\n\t\t\t\t\t\t\t\t\t<p><strong>\u0627\u0644\u0647\u0627\u062a\u0641 1:<\/strong> +90 0553 967 33 93<\/p><p><strong>\u0627\u0644\u0647\u0627\u062a\u0641 2:<\/strong> +90 0546 601 22 08<\/p>\t\t\t\t\t\t\t\t<\/div>\n\t\t\t\t<\/div>\n\t\t\t\t<div class=\"elementor-element elementor-element-514e8189 elementor-widget elementor-widget-text-editor\" data-id=\"514e8189\" data-element_type=\"widget\" data-widget_type=\"text-editor.default\">\n\t\t\t\t<div class=\"elementor-widget-container\">\n\t\t\t\t\t\t\t\t\t<p><a href=\"https:\/\/www.google.com\/maps\/place\/Asil+%C4%B0n%C5%9Faat\/@41.0375336,28.6781024,15z\/data=!4m2!3m1!1s0x0:0x4ffb5dffe4491f6a?sa=X&amp;ved=2ahUKEwjGq8Cd0MWCAxVHQ_EDHSPkAiQQ_BJ6BAg6EAA&amp;hl=tr&amp;gl=TR\">\u0627\u0644\u062d\u0635\u0648\u0644 \u0639\u0644\u0649 \u0627\u0644\u0627\u062a\u062c\u0627\u0647\u0627\u062a \u0645\u0639 \u0627\u0644\u062e\u0631\u0627\u0626\u0637<\/a><\/p>\t\t\t\t\t\t\t\t<\/div>\n\t\t\t\t<\/div>\n\t\t\t\t\t<\/div>\n\t\t<\/div>\n\t\t\t\t<div class=\"elementor-column elementor-col-50 elementor-top-column elementor-element elementor-element-77ad924a elementor-invisible\" data-id=\"77ad924a\" data-element_type=\"column\" data-settings=\"{&quot;background_background&quot;:&quot;classic&quot;,&quot;animation&quot;:&quot;slide-left&quot;}\">\n\t\t\t<div class=\"elementor-widget-wrap elementor-element-populated\">\n\t\t\t\t\t\t<div class=\"elementor-element elementor-element-95b78c6 elementor-widget elementor-widget-image\" data-id=\"95b78c6\" data-element_type=\"widget\" data-widget_type=\"image.default\">\n\t\t\t\t<div class=\"elementor-widget-container\">\n\t\t\t\t\t\t\t\t\t\t\t\t\t\t\t<img decoding=\"async\" width=\"120\" height=\"120\" src=\"https:\/\/boutiquehomesturkiye.com.tr\/wp-content\/uploads\/2024\/01\/statue-of-liberty.svg\" class=\"attachment-full size-full wp-image-3824\" alt=\"\" \/>\t\t\t\t\t\t\t\t\t\t\t\t\t\t\t<\/div>\n\t\t\t\t<\/div>\n\t\t\t\t<div class=\"elementor-element elementor-element-541811f7 elementor-heading__align-center elementor-widget elementor-widget-heading\" data-id=\"541811f7\" data-element_type=\"widget\" data-widget_type=\"heading.default\">\n\t\t\t\t<div class=\"elementor-widget-container\">\n\t\t\t\t\t<h2 class=\"elementor-heading-title elementor-size-default\">24\/7 \u0639\u0628\u0631 \u0627\u0644\u0625\u0646\u062a\u0631\u0646\u062a<\/h2>\t\t\t\t<\/div>\n\t\t\t\t<\/div>\n\t\t\t\t<div class=\"elementor-element elementor-element-6251161e elementor-widget elementor-widget-text-editor\" data-id=\"6251161e\" data-element_type=\"widget\" data-widget_type=\"text-editor.default\">\n\t\t\t\t<div class=\"elementor-widget-container\">\n\t\t\t\t\t\t\t\t\t<p>info@boutiquehomesturkiye.com.tr<\/p>\t\t\t\t\t\t\t\t<\/div>\n\t\t\t\t<\/div>\n\t\t\t\t<div class=\"elementor-element elementor-element-5dca4df5 elementor-widget elementor-widget-text-editor\" data-id=\"5dca4df5\" data-element_type=\"widget\" data-widget_type=\"text-editor.default\">\n\t\t\t\t<div class=\"elementor-widget-container\">\n\t\t\t\t\t\t\t\t\t<p>\"\u064a\u0645\u0643\u0646\u0643 \u0627\u0644\u0627\u062a\u0635\u0627\u0644 \u0628\u0646\u0638\u0627\u0645 \u0627\u0644\u062f\u0639\u0645 \u0627\u0644\u0645\u0628\u0627\u0634\u0631 \u0639\u0644\u0649 \u0645\u062f\u0627\u0631 \u0627\u0644\u0633\u0627\u0639\u0629 \u0637\u0648\u0627\u0644 \u0623\u064a\u0627\u0645 \u0627\u0644\u0623\u0633\u0628\u0648\u0639 \u0628\u0634\u0623\u0646 \u062c\u0645\u064a\u0639 \u0627\u0644\u0645\u0634\u0643\u0644\u0627\u062a. \u0633\u064a\u0642\u062f\u0645 \u0644\u0643 \u0645\u0633\u0627\u0639\u062f \u0627\u0644\u0630\u0643\u0627\u0621 \u0627\u0644\u0627\u0635\u0637\u0646\u0627\u0639\u064a \u0627\u0644\u062e\u0627\u0635 \u0628\u0646\u0627 \u0631\u062f\u0627\u064b \u0641\u0648\u0631\u064a\u0627\u064b \u0648\u064a\u0648\u062c\u0647\u0643 \u0625\u0644\u0649 \u0645\u0634\u063a\u0644\u0646\u0627 \u0639\u0646\u062f \u0627\u0644\u0636\u0631\u0648\u0631\u0629.\"<\/p>\t\t\t\t\t\t\t\t<\/div>\n\t\t\t\t<\/div>\n\t\t\t\t<div class=\"elementor-element elementor-element-6d1f452 elementor-widget elementor-widget-text-editor\" data-id=\"6d1f452\" data-element_type=\"widget\" data-widget_type=\"text-editor.default\">\n\t\t\t\t<div class=\"elementor-widget-container\">\n\t\t\t\t\t\t\t\t\t<p>+90 0545 901 22 08<\/p>\t\t\t\t\t\t\t\t<\/div>\n\t\t\t\t<\/div>\n\t\t\t\t\t<\/div>\n\t\t<\/div>\n\t\t\t\t\t<\/div>\n\t\t<\/section>\n\t\t\t\t<\/div>","protected":false},"excerpt":{"rendered":"<p>&#8220;G\u00fcn\u00fcn her saati, haftan\u0131n her g\u00fcn\u00fcnde, sizinle ileti\u015fim kurmak ve yard\u0131mc\u0131 olmak i\u00e7in haz\u0131r\u0131z. L\u00fctfen bize ula\u015fmaktan \u00e7ekinmeyin.&#8221; &#8220;Bizimle ileti\u015fime ge\u00e7in, d\u00fc\u015f\u00fcncelerinizi payla\u015f\u0131n, sorular\u0131n\u0131z\u0131 sormak veya i\u015fbirli\u011fi f\u0131rsatlar\u0131 hakk\u0131nda konu\u015fmak i\u00e7in buraday\u0131z. Sizi dinlemek i\u00e7in sab\u0131rs\u0131zlan\u0131yoruz.&#8221; &#8220;Sizleri bekliyoruz, bizi ziyaret edin.&#8221; &#8220;L\u00fctfen ofisimizi ziyaret etmekten \u00e7ekinmeyin. Size daha yak\u0131ndan hizmet sunmak ve ihtiya\u00e7lar\u0131n\u0131za daha iyi &hellip; <\/p>\n<p class=\"link-more\"><a href=\"https:\/\/boutiquehomesturkiye.com.tr\/ar\/bize-ulasin\/\" class=\"more-link\">\u0642\u0631\u0627\u0621\u0629 \u0627\u0644\u0645\u0632\u064a\u062f <span class=\"screen-reader-text\"> &#8220;Bize Ula\u015f\u0131n&#8221;<\/span><\/a><\/p>","protected":false},"author":1,"featured_media":0,"parent":0,"menu_order":0,"comment_status":"closed","ping_status":"closed","template":"page-elementor.php","meta":{"inline_featured_image":false,"footnotes":""},"class_list":["post-26","page","type-page","status-publish","hentry"],"_links":{"self":[{"href":"https:\/\/boutiquehomesturkiye.com.tr\/ar\/wp-json\/wp\/v2\/pages\/26","targetHints":{"allow":["GET"]}}],"collection":[{"href":"https:\/\/boutiquehomesturkiye.com.tr\/ar\/wp-json\/wp\/v2\/pages"}],"about":[{"href":"https:\/\/boutiquehomesturkiye.com.tr\/ar\/wp-json\/wp\/v2\/types\/page"}],"author":[{"embeddable":true,"href":"https:\/\/boutiquehomesturkiye.com.tr\/ar\/wp-json\/wp\/v2\/users\/1"}],"replies":[{"embeddable":true,"href":"https:\/\/boutiquehomesturkiye.com.tr\/ar\/wp-json\/wp\/v2\/comments?post=26"}],"version-history":[{"count":35,"href":"https:\/\/boutiquehomesturkiye.com.tr\/ar\/wp-json\/wp\/v2\/pages\/26\/revisions"}],"predecessor-version":[{"id":4739,"href":"https:\/\/boutiquehomesturkiye.com.tr\/ar\/wp-json\/wp\/v2\/pages\/26\/revisions\/4739"}],"wp:attachment":[{"href":"https:\/\/boutiquehomesturkiye.com.tr\/ar\/wp-json\/wp\/v2\/media?parent=26"}],"curies":[{"name":"wp","href":"https:\/\/api.w.org\/{rel}","templated":true}]}}