{"id":3780,"date":"2024-01-30T18:14:26","date_gmt":"2024-01-30T18:14:26","guid":{"rendered":"https:\/\/boutiquehomesturkiye.com.tr\/?page_id=3780"},"modified":"2024-02-16T20:41:45","modified_gmt":"2024-02-16T20:41:45","slug":"aria-marin-proje-detay","status":"publish","type":"page","link":"https:\/\/boutiquehomesturkiye.com.tr\/ar\/aria-marin-proje-detay\/","title":{"rendered":"\u062a\u0641\u0627\u0635\u064a\u0644 \u0645\u0634\u0631\u0648\u0639 \u0622\u0631\u064a\u0627 \u0645\u0627\u0631\u064a\u0646"},"content":{"rendered":"<div data-elementor-type=\"wp-post\" data-elementor-id=\"3780\" class=\"elementor elementor-3780\">\n\t\t\t\t\t\t<section class=\"elementor-section elementor-top-section elementor-element elementor-element-7b4cfa8a elementor-section-full_width elementor-section-stretched elementor-section-height-default elementor-section-height-default\" data-id=\"7b4cfa8a\" data-element_type=\"section\" data-settings=\"{&quot;background_background&quot;:&quot;classic&quot;,&quot;stretch_section&quot;:&quot;section-stretched&quot;}\">\n\t\t\t\t\t\t<div class=\"elementor-container elementor-column-gap-default\">\n\t\t\t\t\t<div class=\"elementor-column elementor-col-100 elementor-top-column elementor-element elementor-element-45470dee\" data-id=\"45470dee\" data-element_type=\"column\">\n\t\t\t<div class=\"elementor-widget-wrap elementor-element-populated\">\n\t\t\t\t\t\t<div class=\"elementor-element elementor-element-aff8e43 elementor-widget elementor-widget-video\" data-id=\"aff8e43\" data-element_type=\"widget\" data-settings=\"{&quot;youtube_url&quot;:&quot;https:\\\/\\\/www.youtube.com\\\/watch?v=yxBPfnRbHMQ&quot;,&quot;start&quot;:10,&quot;autoplay&quot;:&quot;yes&quot;,&quot;loop&quot;:&quot;yes&quot;,&quot;video_type&quot;:&quot;youtube&quot;}\" data-widget_type=\"video.default\">\n\t\t\t\t<div class=\"elementor-widget-container\">\n\t\t\t\t\t\t\t<div class=\"elementor-wrapper elementor-open-inline\">\n\t\t\t<div class=\"elementor-video\"><\/div>\t\t<\/div>\n\t\t\t\t\t\t<\/div>\n\t\t\t\t<\/div>\n\t\t\t\t\t<\/div>\n\t\t<\/div>\n\t\t\t\t\t<\/div>\n\t\t<\/section>\n\t\t\t\t<section class=\"elementor-section elementor-top-section elementor-element elementor-element-60efafd elementor-section-stretched elementor-section-full_width elementor-section-height-default elementor-section-height-default\" data-id=\"60efafd\" data-element_type=\"section\" data-settings=\"{&quot;stretch_section&quot;:&quot;section-stretched&quot;,&quot;background_background&quot;:&quot;gradient&quot;}\">\n\t\t\t\t\t\t<div class=\"elementor-container elementor-column-gap-no\">\n\t\t\t\t\t<div class=\"elementor-column elementor-col-50 elementor-top-column elementor-element elementor-element-b525e83 animated-fast elementor-invisible\" data-id=\"b525e83\" data-element_type=\"column\" data-settings=\"{&quot;animation&quot;:&quot;opal-move-up&quot;}\">\n\t\t\t<div class=\"elementor-widget-wrap elementor-element-populated\">\n\t\t\t\t\t\t<div class=\"elementor-element elementor-element-54bea90 elementor-heading-mobile__align-center elementor-widget elementor-widget-heading\" data-id=\"54bea90\" data-element_type=\"widget\" data-widget_type=\"heading.default\">\n\t\t\t\t<div class=\"elementor-widget-container\">\n\t\t\t\t\t<h2 class=\"elementor-heading-title elementor-size-default\">\u0622\u0631\u064a\u0627 \u0645\u0627\u0631\u064a\u0646<\/h2>\t\t\t\t<\/div>\n\t\t\t\t<\/div>\n\t\t\t\t<div class=\"elementor-element elementor-element-56bdad6 elementor-heading-mobile__align-center elementor-widget elementor-widget-heading\" data-id=\"56bdad6\" data-element_type=\"widget\" data-widget_type=\"heading.default\">\n\t\t\t\t<div class=\"elementor-widget-container\">\n\t\t\t\t\t<h2 class=\"elementor-heading-title elementor-size-default\">\u0627\u0644\u0639\u0646\u0648\u0627\u0646 \u0627\u0644\u0630\u064a \u062a\u0644\u062a\u0642\u064a \u0641\u064a\u0647 \u0625\u0633\u0637\u0646\u0628\u0648\u0644 \u0628\u0625\u0637\u0644\u0627\u0644\u0629 \u0628\u062d\u0631\u064a\u0629 \u0641\u0631\u064a\u062f\u0629 \u0645\u0646 \u0646\u0648\u0639\u0647\u0627<\/h2>\t\t\t\t<\/div>\n\t\t\t\t<\/div>\n\t\t\t\t<div class=\"elementor-element elementor-element-2ab9365 elementor-widget elementor-widget-text-editor\" data-id=\"2ab9365\" data-element_type=\"widget\" data-widget_type=\"text-editor.default\">\n\t\t\t\t<div class=\"elementor-widget-container\">\n\t\t\t\t\t\t\t\t\t<p>\u064a\u062c\u0645\u0639 \u0623\u0631\u064a\u0627 \u0645\u0627\u0631\u064a\u0646\u060c \u0627\u0644\u0630\u064a \u064a\u0644\u062a\u0642\u064a \u0628\u0632\u0631\u0642\u0629 \u0627\u0644\u0628\u062d\u0631 \u0627\u0644\u0647\u0627\u062f\u0626\u0629 \u0641\u064a \u0628\u064a\u0648\u0643 \u062a\u0634\u0643\u0645\u062c\u0629\u060c \u0644\u0624\u0644\u0624\u0629 \u0625\u0633\u0637\u0646\u0628\u0648\u0644\u060c \u0628\u064a\u0646 \u0627\u0644\u0641\u062e\u0627\u0645\u0629 \u0648\u0627\u0644\u0631\u0627\u062d\u0629 \u0645\u0639\u0627\u064b. \u064a\u0644\u0641\u062a \u0622\u0631\u064a\u0627 \u0645\u0627\u0631\u064a\u0646 \u0627\u0644\u0623\u0646\u0638\u0627\u0631 \u0628\u0647\u0646\u062f\u0633\u062a\u0647 \u0627\u0644\u0645\u0639\u0645\u0627\u0631\u064a\u0629 \u0627\u0644\u062d\u062f\u064a\u062b\u0629 \u0648\u0645\u0648\u0642\u0639\u0647 \u0627\u0644\u0641\u0631\u064a\u062f\u060c \u0648\u064a\u0648\u0641\u0631 \u0644\u0643 \u0645\u0633\u0627\u062d\u0629 \u0645\u0639\u064a\u0634\u0629 \u062a\u0631\u0641\u0639 \u0645\u0646 \u0645\u0633\u062a\u0648\u0649 \u0645\u0639\u064a\u0634\u062a\u0643. \u0644\u0644\u062d\u0635\u0648\u0644 \u0639\u0644\u0649 \u0645\u0639\u0644\u0648\u0645\u0627\u062a \u062a\u0641\u0635\u064a\u0644\u064a\u0629 <a target=\"_new\">\u0622\u0631\u064a\u0627 \u0645\u0627\u0631\u064a\u0646<\/a> \u064a\u0645\u0643\u0646\u0643 \u0632\u064a\u0627\u0631\u0629 \u0635\u0641\u062d\u062a\u0646\u0627.<\/p>\t\t\t\t\t\t\t\t<\/div>\n\t\t\t\t<\/div>\n\t\t\t\t<div class=\"elementor-element elementor-element-ac7e21a elementor-mobile-align-center elementor-button-primary elementor-widget elementor-widget-button\" data-id=\"ac7e21a\" data-element_type=\"widget\" data-widget_type=\"button.default\">\n\t\t\t\t<div class=\"elementor-widget-container\">\n\t\t\t\t\t        <div class=\"elementor-button-wrapper\">\n            <a href=\"https:\/\/boutiquehomesturkiye.com.tr\/ar\/aria-marin-daire-detaylari\/\" class=\"elementor-button-link elementor-button elementor-size-md\" role=\"button\">\n                \t\t<span class=\"elementor-button-content-wrapper\">\n\t\t\t\t\t\t\t\t\t<span class=\"elementor-button-text\">\u0627\u0646\u0638\u0631 \u0627\u0644\u062a\u0641\u0627\u0635\u064a\u0644<\/span>\n\t\t\t\t\t<\/span>\n\t\t            <\/a>\n        <\/div>\n        \t\t\t\t<\/div>\n\t\t\t\t<\/div>\n\t\t\t\t\t<\/div>\n\t\t<\/div>\n\t\t\t\t<div class=\"elementor-column elementor-col-50 elementor-top-column elementor-element elementor-element-39a3897 animated-fast elementor-invisible\" data-id=\"39a3897\" data-element_type=\"column\" data-settings=\"{&quot;background_background&quot;:&quot;classic&quot;,&quot;animation&quot;:&quot;opal-move-left&quot;,&quot;animation_delay&quot;:100}\">\n\t\t\t<div class=\"elementor-widget-wrap elementor-element-populated\">\n\t\t\t\t\t<div class=\"elementor-background-overlay\"><\/div>\n\t\t\t\t\t\t<div class=\"elementor-element elementor-element-61acc5e elementor-widget elementor-widget-spacer\" data-id=\"61acc5e\" data-element_type=\"widget\" data-widget_type=\"spacer.default\">\n\t\t\t\t<div class=\"elementor-widget-container\">\n\t\t\t\t\t\t\t<div class=\"elementor-spacer\">\n\t\t\t<div class=\"elementor-spacer-inner\"><\/div>\n\t\t<\/div>\n\t\t\t\t\t\t<\/div>\n\t\t\t\t<\/div>\n\t\t\t\t\t<\/div>\n\t\t<\/div>\n\t\t\t\t\t<\/div>\n\t\t<\/section>\n\t\t\t\t<section class=\"elementor-section elementor-top-section elementor-element elementor-element-8afa4c4 elementor-section-stretched elementor-section-boxed elementor-section-height-default elementor-section-height-default\" data-id=\"8afa4c4\" data-element_type=\"section\" data-settings=\"{&quot;stretch_section&quot;:&quot;section-stretched&quot;,&quot;background_background&quot;:&quot;classic&quot;}\">\n\t\t\t\t\t\t<div class=\"elementor-container elementor-column-gap-no\">\n\t\t\t\t\t<div class=\"elementor-column elementor-col-100 elementor-top-column elementor-element elementor-element-cdf3bce\" data-id=\"cdf3bce\" data-element_type=\"column\">\n\t\t\t<div class=\"elementor-widget-wrap elementor-element-populated\">\n\t\t\t\t\t\t<div class=\"elementor-element elementor-element-dc5ef13 elementor-heading-mobile__align-center animated-fast elementor-invisible elementor-widget elementor-widget-heading\" data-id=\"dc5ef13\" data-element_type=\"widget\" data-settings=\"{&quot;_animation&quot;:&quot;opal-move-up&quot;}\" data-widget_type=\"heading.default\">\n\t\t\t\t<div class=\"elementor-widget-container\">\n\t\t\t\t\t<i aria-hidden=\"true\" class=\"icon_before opal-icon-decor\"><\/i><h2 class=\"elementor-heading-title elementor-size-default\">\u0645\u0646\u0634\u0648\u0631\u0627\u062a \u0627\u0644\u0645\u062f\u0648\u0646\u0629 \u0627\u0644\u062d\u0627\u0644\u064a\u0629<\/h2>\t\t\t\t<\/div>\n\t\t\t\t<\/div>\n\t\t\t\t<div class=\"elementor-element elementor-element-9bab81c animated-fast elementor-invisible elementor-widget elementor-widget-opal-post-grid\" data-id=\"9bab81c\" data-element_type=\"widget\" data-settings=\"{&quot;_animation&quot;:&quot;opal-move-up&quot;,&quot;_animation_delay&quot;:100}\" data-widget_type=\"opal-post-grid.default\">\n\t\t\t\t<div class=\"elementor-widget-container\">\n\t\t\t\t\t        <div class=\"elementor-post-wrapper post-style-2\">\n            <div class=\"row\" data-elementor-columns=\"3\">\n\n                <div class=\"column-item post-style-2\">\n    <div class=\"post-inner\">\n                    <div class=\"post-thumbnail\">\n                <a href=\"https:\/\/boutiquehomesturkiye.com.tr\/ar\/tumu\/haberler-genel\/gayrimenkul-yoluyla-vatandaslik-almak-ve-turkiyede-ev-alarak-vatandas-olmanin-yollari\/4731\/\">\n                    <img fetchpriority=\"high\" decoding=\"async\" width=\"600\" height=\"390\" src=\"https:\/\/boutiquehomesturkiye.com.tr\/wp-content\/uploads\/2025\/06\/gayrimenkul-ile-vatandaslik-alma-600x390.jpg\" class=\"attachment-maisonco-featured-image-large size-maisonco-featured-image-large wp-post-image\" alt=\"\" \/>                <\/a>\n                <span class=\"posted-on\"> <a href=\"https:\/\/boutiquehomesturkiye.com.tr\/ar\/tumu\/haberler-genel\/gayrimenkul-yoluyla-vatandaslik-almak-ve-turkiyede-ev-alarak-vatandas-olmanin-yollari\/4731\/\" rel=\"bookmark\"><time class=\"entry-date published updated\" datetime=\"2025-06-14T06:51:18+00:00\">\u064a\u0648\u0646\u064a\u0648 14, 2025<\/time><\/a> <\/span>\n            <\/div><!-- .post-thumbnail -->\n                <div class=\"post-content\">\n            <div class=\"entry-header\">\n                <h3 class=\"entry-title\"><a href=\"https:\/\/boutiquehomesturkiye.com.tr\/ar\/tumu\/haberler-genel\/gayrimenkul-yoluyla-vatandaslik-almak-ve-turkiyede-ev-alarak-vatandas-olmanin-yollari\/4731\/\">\u0627\u0644\u062d\u0635\u0648\u0644 \u0639\u0644\u0649 \u0627\u0644\u062c\u0646\u0633\u064a\u0629 \u0639\u0646 \u0637\u0631\u064a\u0642 \u0627\u0644\u0639\u0642\u0627\u0631\u0627\u062a \u0648\u0637\u0631\u0642 \u0627\u0644\u062d\u0635\u0648\u0644 \u0639\u0644\u0649 \u0627\u0644\u062c\u0646\u0633\u064a\u0629 \u0639\u0646 \u0637\u0631\u064a\u0642 \u0634\u0631\u0627\u0621 \u0645\u0646\u0632\u0644 \u0641\u064a \u062a\u0631\u0643\u064a\u0627<\/a><\/h3>\n            <\/div>\n            <div class=\"entry-meta\">\n                <div class=\"entry-meta-inner\">\n                    <div class=\"entry-meta-inner\"><span class=\"entry-category\" > \u0641\u064a <a href=\"https:\/\/boutiquehomesturkiye.com.tr\/ar\/category\/tumu\/haberler-genel\/\" rel=\"category tag\">\u0627\u0644\u0623\u062e\u0628\u0627\u0631<\/a> <\/span><span class=\"author vcard\" > \u062a\u0645 \u0627\u0644\u0646\u0634\u0631 \u0628\u0648\u0627\u0633\u0637\u0629 <a class=\"url fn n\" href=\"https:\/\/boutiquehomesturkiye.com.tr\/ar\/author\/admin3\/\">\u062f\u0646\u064a\u0632 \u0623<\/a> <\/span><\/div>                <\/div>\n            <\/div>\n\n        <\/div>\n    <\/div>\n<\/div><div class=\"column-item post-style-2\">\n    <div class=\"post-inner\">\n                    <div class=\"post-thumbnail\">\n                <a href=\"https:\/\/boutiquehomesturkiye.com.tr\/ar\/tumu\/haberler-genel\/gayrimenkul-ile-vatandaslik-veren-ulkeler\/4727\/\">\n                    <img decoding=\"async\" width=\"600\" height=\"390\" src=\"https:\/\/boutiquehomesturkiye.com.tr\/wp-content\/uploads\/2025\/06\/gayrimenkul-ile-vatandaslik-veren-ulkeler-600x390.jpg\" class=\"attachment-maisonco-featured-image-large size-maisonco-featured-image-large wp-post-image\" alt=\"\" \/>                <\/a>\n                <span class=\"posted-on\"> <a href=\"https:\/\/boutiquehomesturkiye.com.tr\/ar\/tumu\/haberler-genel\/gayrimenkul-ile-vatandaslik-veren-ulkeler\/4727\/\" rel=\"bookmark\"><time class=\"entry-date published updated\" datetime=\"2025-06-13T06:42:05+00:00\">\u064a\u0648\u0646\u064a\u0648 13, 2025<\/time><\/a> <\/span>\n            <\/div><!-- .post-thumbnail -->\n                <div class=\"post-content\">\n            <div class=\"entry-header\">\n                <h3 class=\"entry-title\"><a href=\"https:\/\/boutiquehomesturkiye.com.tr\/ar\/tumu\/haberler-genel\/gayrimenkul-ile-vatandaslik-veren-ulkeler\/4727\/\">\u0627\u0644\u062f\u0648\u0644 \u0627\u0644\u062a\u064a \u062a\u0645\u0646\u062d \u0627\u0644\u062c\u0646\u0633\u064a\u0629 \u0645\u0639 \u0627\u0644\u0639\u0642\u0627\u0631\u0627\u062a<\/a><\/h3>\n            <\/div>\n            <div class=\"entry-meta\">\n                <div class=\"entry-meta-inner\">\n                    <div class=\"entry-meta-inner\"><span class=\"entry-category\" > \u0641\u064a <a href=\"https:\/\/boutiquehomesturkiye.com.tr\/ar\/category\/tumu\/haberler-genel\/\" rel=\"category tag\">\u0627\u0644\u0623\u062e\u0628\u0627\u0631<\/a> <\/span><span class=\"author vcard\" > \u062a\u0645 \u0627\u0644\u0646\u0634\u0631 \u0628\u0648\u0627\u0633\u0637\u0629 <a class=\"url fn n\" href=\"https:\/\/boutiquehomesturkiye.com.tr\/ar\/author\/admin3\/\">\u062f\u0646\u064a\u0632 \u0623<\/a> <\/span><\/div>                <\/div>\n            <\/div>\n\n        <\/div>\n    <\/div>\n<\/div><div class=\"column-item post-style-2\">\n    <div class=\"post-inner\">\n                    <div class=\"post-thumbnail\">\n                <a href=\"https:\/\/boutiquehomesturkiye.com.tr\/ar\/tumu\/deprem-yonetmeligine-uygun-proje-secmenin-onemi-ve-dikkat-edilmesi-gerekenler\/4724\/\">\n                    <img decoding=\"async\" width=\"600\" height=\"390\" src=\"https:\/\/boutiquehomesturkiye.com.tr\/wp-content\/uploads\/2025\/06\/deprem-yonetmeligine-uygun-konut-projesi-600x390.jpg\" class=\"attachment-maisonco-featured-image-large size-maisonco-featured-image-large wp-post-image\" alt=\"\" \/>                <\/a>\n                <span class=\"posted-on\"> <a href=\"https:\/\/boutiquehomesturkiye.com.tr\/ar\/tumu\/deprem-yonetmeligine-uygun-proje-secmenin-onemi-ve-dikkat-edilmesi-gerekenler\/4724\/\" rel=\"bookmark\"><time class=\"entry-date published updated\" datetime=\"2025-06-10T10:07:36+00:00\">\u064a\u0648\u0646\u064a\u0648 10, 2025<\/time><\/a> <\/span>\n            <\/div><!-- .post-thumbnail -->\n                <div class=\"post-content\">\n            <div class=\"entry-header\">\n                <h3 class=\"entry-title\"><a href=\"https:\/\/boutiquehomesturkiye.com.tr\/ar\/tumu\/deprem-yonetmeligine-uygun-proje-secmenin-onemi-ve-dikkat-edilmesi-gerekenler\/4724\/\">\u0623\u0647\u0645\u064a\u0629 \u0627\u062e\u062a\u064a\u0627\u0631 \u0627\u0644\u0645\u0634\u0631\u0648\u0639 \u0628\u0645\u0627 \u064a\u062a\u0648\u0627\u0641\u0642 \u0645\u0639 \u0644\u0648\u0627\u0626\u062d \u0627\u0644\u0632\u0644\u0627\u0632\u0644 \u0648\u0627\u0644\u0623\u0645\u0648\u0631 \u0627\u0644\u062a\u064a \u064a\u062c\u0628 \u0645\u0631\u0627\u0639\u0627\u062a\u0647\u0627<\/a><\/h3>\n            <\/div>\n            <div class=\"entry-meta\">\n                <div class=\"entry-meta-inner\">\n                    <div class=\"entry-meta-inner\"><span class=\"entry-category\" > \u0641\u064a <a href=\"https:\/\/boutiquehomesturkiye.com.tr\/ar\/category\/tumu\/\" rel=\"category tag\">\u0627\u0644\u0643\u0644<\/a> <\/span><span class=\"author vcard\" > \u062a\u0645 \u0627\u0644\u0646\u0634\u0631 \u0628\u0648\u0627\u0633\u0637\u0629 <a class=\"url fn n\" href=\"https:\/\/boutiquehomesturkiye.com.tr\/ar\/author\/admin3\/\">\u062f\u0646\u064a\u0632 \u0623<\/a> <\/span><\/div>                <\/div>\n            <\/div>\n\n        <\/div>\n    <\/div>\n<\/div>            <\/div>\n                    <\/div>\n        \t\t\t\t<\/div>\n\t\t\t\t<\/div>\n\t\t\t\t\t<\/div>\n\t\t<\/div>\n\t\t\t\t\t<\/div>\n\t\t<\/section>\n\t\t\t\t<\/div>","protected":false},"excerpt":{"rendered":"<p>ARIA MARIN \u0130stanbul&#8217;un E\u015fsiz Deniz Manzaras\u0131yla Bulu\u015ftu\u011fu Adres \u0130stanbul&#8217;un incisi B\u00fcy\u00fck\u00e7ekmece&#8217;de, denizin huzur veren mavili\u011fiyle bulu\u015fan Aria Marin, l\u00fcks ve konforu bir araya getiriyor. Modern mimarisi ve benzersiz konumuyla dikkat \u00e7eken Aria Marin, ya\u015fam standartlar\u0131n\u0131z\u0131 y\u00fckselten bir ya\u015fam alan\u0131 sunuyor. Detayl\u0131 bilgi i\u00e7in Aria Marin sayfam\u0131z\u0131 ziyaret edebilirsiniz. Detaylara bak G\u00fcncel Blog Yaz\u0131lar\u0131 January 28, &hellip; <\/p>\n<p class=\"link-more\"><a href=\"https:\/\/boutiquehomesturkiye.com.tr\/ar\/tumu\/deprem-yonetmeligine-uygun-proje-secmenin-onemi-ve-dikkat-edilmesi-gerekenler\/4724\/\" class=\"more-link\">\u0642\u0631\u0627\u0621\u0629 \u0627\u0644\u0645\u0632\u064a\u062f <span class=\"screen-reader-text\"> &#8220;Deprem Y\u00f6netmeli\u011fine Uygun Proje Se\u00e7menin \u00d6nemi ve Dikkat Edilmesi Gerekenler&#8221;<\/span><\/a><\/p>","protected":false},"author":1,"featured_media":0,"parent":0,"menu_order":0,"comment_status":"closed","ping_status":"closed","template":"","meta":{"inline_featured_image":false,"footnotes":""},"class_list":["post-3780","page","type-page","status-publish","hentry"],"_links":{"self":[{"href":"https:\/\/boutiquehomesturkiye.com.tr\/ar\/wp-json\/wp\/v2\/pages\/3780","targetHints":{"allow":["GET"]}}],"collection":[{"href":"https:\/\/boutiquehomesturkiye.com.tr\/ar\/wp-json\/wp\/v2\/pages"}],"about":[{"href":"https:\/\/boutiquehomesturkiye.com.tr\/ar\/wp-json\/wp\/v2\/types\/page"}],"author":[{"embeddable":true,"href":"https:\/\/boutiquehomesturkiye.com.tr\/ar\/wp-json\/wp\/v2\/users\/1"}],"replies":[{"embeddable":true,"href":"https:\/\/boutiquehomesturkiye.com.tr\/ar\/wp-json\/wp\/v2\/comments?post=3780"}],"version-history":[{"count":74,"href":"https:\/\/boutiquehomesturkiye.com.tr\/ar\/wp-json\/wp\/v2\/pages\/3780\/revisions"}],"predecessor-version":[{"id":4380,"href":"https:\/\/boutiquehomesturkiye.com.tr\/ar\/wp-json\/wp\/v2\/pages\/3780\/revisions\/4380"}],"wp:attachment":[{"href":"https:\/\/boutiquehomesturkiye.com.tr\/ar\/wp-json\/wp\/v2\/media?parent=3780"}],"curies":[{"name":"wp","href":"https:\/\/api.w.org\/{rel}","templated":true}]}}