{"id":4033,"date":"2024-02-12T12:39:46","date_gmt":"2024-02-12T12:39:46","guid":{"rendered":"https:\/\/boutiquehomesturkiye.com.tr\/?page_id=4033"},"modified":"2024-02-12T12:53:13","modified_gmt":"2024-02-12T12:53:13","slug":"asil-comfort-1","status":"publish","type":"page","link":"https:\/\/boutiquehomesturkiye.com.tr\/ar\/tamamlanan-projeler\/asil-comfort-1\/","title":{"rendered":"\u0623\u0633\u064a\u0644 \u0643\u0648\u0645\u0641\u0648\u0631\u062a 1"},"content":{"rendered":"<div data-elementor-type=\"wp-page\" data-elementor-id=\"4033\" class=\"elementor elementor-4033\">\n\t\t\t\t\t\t<section class=\"elementor-section elementor-top-section elementor-element elementor-element-65ef5ce elementor-section-stretched elementor-section-full_width elementor-section-height-default elementor-section-height-default\" data-id=\"65ef5ce\" data-element_type=\"section\" data-settings=\"{&quot;stretch_section&quot;:&quot;section-stretched&quot;,&quot;background_background&quot;:&quot;classic&quot;}\">\n\t\t\t\t\t\t\t<div class=\"elementor-background-overlay\"><\/div>\n\t\t\t\t\t\t\t<div class=\"elementor-container elementor-column-gap-default\">\n\t\t\t\t\t<div class=\"elementor-column elementor-col-100 elementor-top-column elementor-element elementor-element-8fb4656\" data-id=\"8fb4656\" data-element_type=\"column\">\n\t\t\t<div class=\"elementor-widget-wrap elementor-element-populated\">\n\t\t\t\t\t\t<div class=\"elementor-element elementor-element-1c061a4 elementor-widget elementor-widget-spacer\" data-id=\"1c061a4\" data-element_type=\"widget\" data-widget_type=\"spacer.default\">\n\t\t\t\t<div class=\"elementor-widget-container\">\n\t\t\t\t\t\t\t<div class=\"elementor-spacer\">\n\t\t\t<div class=\"elementor-spacer-inner\"><\/div>\n\t\t<\/div>\n\t\t\t\t\t\t<\/div>\n\t\t\t\t<\/div>\n\t\t\t\t<div class=\"elementor-element elementor-element-893bc50 elementor-heading__align-center elementor-widget elementor-widget-heading\" data-id=\"893bc50\" data-element_type=\"widget\" data-widget_type=\"heading.default\">\n\t\t\t\t<div class=\"elementor-widget-container\">\n\t\t\t\t\t<h2 class=\"elementor-heading-title elementor-size-default\">\u0623\u0633\u064a\u0644 \u0643\u0648\u0645\u0641\u0648\u0631\u062a 1<\/h2>\t\t\t\t<\/div>\n\t\t\t\t<\/div>\n\t\t\t\t<div class=\"elementor-element elementor-element-437e472 elementor-widget elementor-widget-spacer\" data-id=\"437e472\" data-element_type=\"widget\" data-widget_type=\"spacer.default\">\n\t\t\t\t<div class=\"elementor-widget-container\">\n\t\t\t\t\t\t\t<div class=\"elementor-spacer\">\n\t\t\t<div class=\"elementor-spacer-inner\"><\/div>\n\t\t<\/div>\n\t\t\t\t\t\t<\/div>\n\t\t\t\t<\/div>\n\t\t\t\t\t<\/div>\n\t\t<\/div>\n\t\t\t\t\t<\/div>\n\t\t<\/section>\n\t\t\t\t<section class=\"elementor-section elementor-top-section elementor-element elementor-element-381e1d6 elementor-section-stretched elementor-section-full_width elementor-section-height-default elementor-section-height-default\" data-id=\"381e1d6\" data-element_type=\"section\" data-settings=\"{&quot;stretch_section&quot;:&quot;section-stretched&quot;,&quot;background_background&quot;:&quot;classic&quot;}\">\n\t\t\t\t\t\t\t<div class=\"elementor-background-overlay\"><\/div>\n\t\t\t\t\t\t\t<div class=\"elementor-container elementor-column-gap-default\">\n\t\t\t\t\t<div class=\"elementor-column elementor-col-100 elementor-top-column elementor-element elementor-element-092d24c\" data-id=\"092d24c\" data-element_type=\"column\">\n\t\t\t<div class=\"elementor-widget-wrap elementor-element-populated\">\n\t\t\t\t\t\t<div class=\"elementor-element elementor-element-0a0a30c elementor-widget elementor-widget-spacer\" data-id=\"0a0a30c\" data-element_type=\"widget\" data-widget_type=\"spacer.default\">\n\t\t\t\t<div class=\"elementor-widget-container\">\n\t\t\t\t\t\t\t<div class=\"elementor-spacer\">\n\t\t\t<div class=\"elementor-spacer-inner\"><\/div>\n\t\t<\/div>\n\t\t\t\t\t\t<\/div>\n\t\t\t\t<\/div>\n\t\t\t\t<div class=\"elementor-element elementor-element-e9e07d3 elementor-heading__align-center elementor-widget elementor-widget-heading\" data-id=\"e9e07d3\" data-element_type=\"widget\" data-widget_type=\"heading.default\">\n\t\t\t\t<div class=\"elementor-widget-container\">\n\t\t\t\t\t<h2 class=\"elementor-heading-title elementor-size-default\">\u0645\u0639\u0631\u0636 \u0627\u0644\u0635\u0648\u0631<\/h2>\t\t\t\t<\/div>\n\t\t\t\t<\/div>\n\t\t\t\t<div class=\"elementor-element elementor-element-658bfbe elementor-widget elementor-widget-image-gallery\" data-id=\"658bfbe\" data-element_type=\"widget\" data-widget_type=\"image-gallery.default\">\n\t\t\t\t<div class=\"elementor-widget-container\">\n\t\t\t\t\t\t\t<div class=\"elementor-image-gallery\">\n\t\t\t<div id='gallery-1' class='gallery galleryid-4033 gallery-columns-3 gallery-size-full'><figure class='gallery-item'>\n\t\t\t<div class='gallery-icon landscape'>\n\t\t\t\t<a data-elementor-open-lightbox=\"yes\" data-elementor-lightbox-slideshow=\"658bfbe\" data-elementor-lightbox-title=\"asil comfort 2\" data-elementor-lightbox-description=\"asil comfort 2\" data-e-action-hash=\"#elementor-action%3Aaction%3Dlightbox%26settings%3DeyJpZCI6NDAzMSwidXJsIjoiaHR0cHM6XC9cL2JvdXRpcXVlaG9tZXN0dXJraXllLmNvbS50clwvd3AtY29udGVudFwvdXBsb2Fkc1wvMjAyNFwvMDJcL2FzaWwtY29tZm9ydC0yLndlYnAiLCJzbGlkZXNob3ciOiI2NThiZmJlIn0%3D\" href='https:\/\/boutiquehomesturkiye.com.tr\/wp-content\/uploads\/2024\/02\/asil-comfort-2.webp'><img fetchpriority=\"high\" decoding=\"async\" width=\"365\" height=\"245\" src=\"https:\/\/boutiquehomesturkiye.com.tr\/wp-content\/uploads\/2024\/02\/asil-comfort-2.webp\" class=\"attachment-full size-full\" alt=\"asil comfort 2\" aria-describedby=\"gallery-1-4031\" srcset=\"https:\/\/boutiquehomesturkiye.com.tr\/wp-content\/uploads\/2024\/02\/asil-comfort-2.webp 365w, https:\/\/boutiquehomesturkiye.com.tr\/wp-content\/uploads\/2024\/02\/asil-comfort-2-300x201.webp 300w\" sizes=\"(max-width: 365px) 100vw, 365px\" \/><\/a>\n\t\t\t<\/div>\n\t\t\t\t<figcaption class='wp-caption-text gallery-caption' id='gallery-1-4031'>\n\t\t\t\t\u0627\u0644\u0631\u0627\u062d\u0629 \u0627\u0644\u0646\u0628\u064a\u0644\u0629 2\n\t\t\t\t<\/figcaption><\/figure><figure class='gallery-item'>\n\t\t\t<div class='gallery-icon landscape'>\n\t\t\t\t<a data-elementor-open-lightbox=\"yes\" data-elementor-lightbox-slideshow=\"658bfbe\" data-elementor-lightbox-title=\"asil comfort 2.1\" data-elementor-lightbox-description=\"asil comfort 2\" data-e-action-hash=\"#elementor-action%3Aaction%3Dlightbox%26settings%3DeyJpZCI6NDA0NSwidXJsIjoiaHR0cHM6XC9cL2JvdXRpcXVlaG9tZXN0dXJraXllLmNvbS50clwvd3AtY29udGVudFwvdXBsb2Fkc1wvMjAyNFwvMDJcL2FzaWwtY29tZm9ydC0yLjEuanBnIiwic2xpZGVzaG93IjoiNjU4YmZiZSJ9\" href='https:\/\/boutiquehomesturkiye.com.tr\/wp-content\/uploads\/2024\/02\/asil-comfort-2.1.jpg'><img decoding=\"async\" width=\"700\" height=\"466\" src=\"https:\/\/boutiquehomesturkiye.com.tr\/wp-content\/uploads\/2024\/02\/asil-comfort-2.1.jpg\" class=\"attachment-full size-full\" alt=\"\" srcset=\"https:\/\/boutiquehomesturkiye.com.tr\/wp-content\/uploads\/2024\/02\/asil-comfort-2.1.jpg 700w, https:\/\/boutiquehomesturkiye.com.tr\/wp-content\/uploads\/2024\/02\/asil-comfort-2.1-300x200.jpg 300w, https:\/\/boutiquehomesturkiye.com.tr\/wp-content\/uploads\/2024\/02\/asil-comfort-2.1-400x266.jpg 400w\" sizes=\"(max-width: 700px) 100vw, 700px\" \/><\/a>\n\t\t\t<\/div><\/figure>\n\t\t<\/div>\n\t\t<\/div>\n\t\t\t\t\t\t<\/div>\n\t\t\t\t<\/div>\n\t\t\t\t<div class=\"elementor-element elementor-element-594d9a7 elementor-heading__align-center elementor-widget elementor-widget-heading\" data-id=\"594d9a7\" data-element_type=\"widget\" data-widget_type=\"heading.default\">\n\t\t\t\t<div class=\"elementor-widget-container\">\n\t\t\t\t\t<h2 class=\"elementor-heading-title elementor-size-default\">\u062a\u0641\u0627\u0635\u064a\u0644 \u0627\u0644\u0645\u0634\u0631\u0648\u0639<\/h2>\t\t\t\t<\/div>\n\t\t\t\t<\/div>\n\t\t\t\t<div class=\"elementor-element elementor-element-c34a6ca elementor-widget elementor-widget-text-editor\" data-id=\"c34a6ca\" data-element_type=\"widget\" data-widget_type=\"text-editor.default\">\n\t\t\t\t<div class=\"elementor-widget-container\">\n\t\t\t\t\t\t\t\t\t<p style=\"text-align: center;\"><strong>\u0645\u0648\u0642\u0639 \u0627\u0644\u0645\u0634\u0631\u0648\u0639<\/strong>\u0628\u064a\u0648\u0643 \u0634\u0643\u0645\u062c\u0629 \/ \u0625\u0633\u0637\u0646\u0628\u0648\u0644<\/p><p style=\"text-align: center;\"><strong>\u0645\u0646\u0637\u0642\u0629 \u0627\u0644\u0625\u0646\u0634\u0627\u0621\u0627\u062a<\/strong>4500<\/p><p style=\"text-align: center;\"><strong>\u0643\u0645\u064a\u0629 \u0627\u0644\u0633\u0643\u0646<\/strong>115<\/p><p style=\"text-align: center;\"><strong>\u0645\u0646\u0627\u0637\u0642 \u0627\u0644\u0633\u0643\u0646<\/strong>90 \u06452 - 220 \u06452<\/p><p style=\"text-align: center;\"><strong>\u0628\u062f\u0627\u064a\u0629 \u0627\u0644\u0645\u0634\u0631\u0648\u0639<\/strong>\u0645\u0627\u0631\u0633 2019<\/p><p style=\"text-align: center;\"><strong>\u062a\u0627\u0631\u064a\u062e \u0627\u0644\u062a\u0633\u0644\u064a\u0645<\/strong>\u0645\u0627\u0631\u0633 2021<\/p><p style=\"text-align: center;\"><strong>\u0623\u0646\u0648\u0627\u0639 \u0627\u0644\u0645\u0633\u0627\u0643\u0646<\/strong>1+1, 2+1, 3+1, 3+2, 4+2<\/p><p style=\"text-align: center;\"><strong>\u0627\u0644\u0645\u0631\u0627\u0641\u0642 \u0627\u0644\u0627\u062c\u062a\u0645\u0627\u0639\u064a\u0629<\/strong>\u0645\u0633\u0628\u062d \u062e\u0627\u0631\u062c\u064a\u060c \u0645\u0648\u0642\u0641 \u0633\u064a\u0627\u0631\u0627\u062a \u062f\u0627\u062e\u0644\u064a\u060c \u0623\u0645\u0646 24\/7\u060c \u062d\u062f\u064a\u0642\u0629 \u0623\u0637\u0641\u0627\u0644\u060c \u0643\u0627\u0645\u064a\u0644\u064a\u0627\u060c \u062e\u0632\u0627\u0646 \u0645\u064a\u0627\u0647\u060c \u0645\u0648\u0644\u062f \u0643\u0647\u0631\u0628\u0627\u0626\u064a\u060c \u0645\u0635\u0639\u062f<\/p>\t\t\t\t\t\t\t\t<\/div>\n\t\t\t\t<\/div>\n\t\t\t\t<div class=\"elementor-element elementor-element-4f17b26 elementor-widget elementor-widget-spacer\" data-id=\"4f17b26\" data-element_type=\"widget\" data-widget_type=\"spacer.default\">\n\t\t\t\t<div class=\"elementor-widget-container\">\n\t\t\t\t\t\t\t<div class=\"elementor-spacer\">\n\t\t\t<div class=\"elementor-spacer-inner\"><\/div>\n\t\t<\/div>\n\t\t\t\t\t\t<\/div>\n\t\t\t\t<\/div>\n\t\t\t\t\t<\/div>\n\t\t<\/div>\n\t\t\t\t\t<\/div>\n\t\t<\/section>\n\t\t\t\t<\/div>","protected":false},"excerpt":{"rendered":"<p>Asil Comfort 1 Galeri asil comfort 2 Proje Detaylar\u0131 Proje YeriB\u00fcy\u00fck\u00e7ekmece \/ \u0130stanbul \u0130n\u015faat Alan\u01314500 konutadeti115 Konut Alanlar\u013190 m2 \u2013 220 m2 Proje Ba\u015flang\u0131\u00e7Mart 2019 Teslim TarihiMart 2021 Konut Tipleri1+1, 2+1, 3+1, 3+2, 4+2 Sosyal \u0130mkanlarA\u00e7\u0131k Havuz, Kapal\u0131 Otopark, 7\/24 G\u00fcvenlik, \u00c7ocuk Park\u0131, Kamelya, Su Deposu, Jenerat\u00f6r, Asans\u00f6r<\/p>","protected":false},"author":1,"featured_media":0,"parent":4028,"menu_order":0,"comment_status":"closed","ping_status":"closed","template":"","meta":{"inline_featured_image":false,"footnotes":""},"class_list":["post-4033","page","type-page","status-publish","hentry"],"_links":{"self":[{"href":"https:\/\/boutiquehomesturkiye.com.tr\/ar\/wp-json\/wp\/v2\/pages\/4033","targetHints":{"allow":["GET"]}}],"collection":[{"href":"https:\/\/boutiquehomesturkiye.com.tr\/ar\/wp-json\/wp\/v2\/pages"}],"about":[{"href":"https:\/\/boutiquehomesturkiye.com.tr\/ar\/wp-json\/wp\/v2\/types\/page"}],"author":[{"embeddable":true,"href":"https:\/\/boutiquehomesturkiye.com.tr\/ar\/wp-json\/wp\/v2\/users\/1"}],"replies":[{"embeddable":true,"href":"https:\/\/boutiquehomesturkiye.com.tr\/ar\/wp-json\/wp\/v2\/comments?post=4033"}],"version-history":[{"count":29,"href":"https:\/\/boutiquehomesturkiye.com.tr\/ar\/wp-json\/wp\/v2\/pages\/4033\/revisions"}],"predecessor-version":[{"id":4063,"href":"https:\/\/boutiquehomesturkiye.com.tr\/ar\/wp-json\/wp\/v2\/pages\/4033\/revisions\/4063"}],"up":[{"embeddable":true,"href":"https:\/\/boutiquehomesturkiye.com.tr\/ar\/wp-json\/wp\/v2\/pages\/4028"}],"wp:attachment":[{"href":"https:\/\/boutiquehomesturkiye.com.tr\/ar\/wp-json\/wp\/v2\/media?parent=4033"}],"curies":[{"name":"wp","href":"https:\/\/api.w.org\/{rel}","templated":true}]}}