{"id":4168,"date":"2024-02-16T18:02:18","date_gmt":"2024-02-16T18:02:18","guid":{"rendered":"https:\/\/boutiquehomesturkiye.com.tr\/?page_id=4168"},"modified":"2024-02-16T18:09:14","modified_gmt":"2024-02-16T18:09:14","slug":"aria-marin-daire-detay","status":"publish","type":"page","link":"https:\/\/boutiquehomesturkiye.com.tr\/ar\/aria-marin-daire-detay\/","title":{"rendered":"\u062a\u0641\u0627\u0635\u064a\u0644 \u0634\u0642\u0629 \u0623\u0631\u064a\u0627 \u0645\u0627\u0631\u064a\u0646 \u0623\u0631\u064a\u0627 \u0645\u0627\u0631\u064a\u0646"},"content":{"rendered":"<div data-elementor-type=\"wp-post\" data-elementor-id=\"4168\" class=\"elementor elementor-4168\">\n\t\t\t\t\t\t<section class=\"elementor-section elementor-top-section elementor-element elementor-element-37a223f elementor-section-stretched elementor-section-full_width elementor-section-height-default elementor-section-height-default\" data-id=\"37a223f\" data-element_type=\"section\" data-settings=\"{&quot;stretch_section&quot;:&quot;section-stretched&quot;,&quot;background_background&quot;:&quot;classic&quot;}\">\n\t\t\t\t\t\t<div class=\"elementor-container elementor-column-gap-no\">\n\t\t\t\t\t<div class=\"elementor-column elementor-col-100 elementor-top-column elementor-element elementor-element-574cf33 animated-fast elementor-invisible\" data-id=\"574cf33\" data-element_type=\"column\" data-settings=\"{&quot;animation&quot;:&quot;opal-move-up&quot;}\">\n\t\t\t<div class=\"elementor-widget-wrap elementor-element-populated\">\n\t\t\t\t\t\t<div class=\"elementor-element elementor-element-f21c132 elementor-heading-mobile__align-center elementor-heading__align-center elementor-widget elementor-widget-heading\" data-id=\"f21c132\" data-element_type=\"widget\" data-widget_type=\"heading.default\">\n\t\t\t\t<div class=\"elementor-widget-container\">\n\t\t\t\t\t<h2 class=\"elementor-heading-title elementor-size-default\">\u062a\u0641\u0627\u0635\u064a\u0644 \u0627\u0644\u0634\u0642\u0629<\/h2>\t\t\t\t<\/div>\n\t\t\t\t<\/div>\n\t\t\t\t<div class=\"elementor-element elementor-element-29138f1 elementor-heading-mobile__align-center elementor-heading__align-center elementor-widget elementor-widget-heading\" data-id=\"29138f1\" data-element_type=\"widget\" data-widget_type=\"heading.default\">\n\t\t\t\t<div class=\"elementor-widget-container\">\n\t\t\t\t\t<h2 class=\"elementor-heading-title elementor-size-default\"><a href=\"\/ar\/IKLAYIN\/\">\u0625\u0630\u0627 \u0643\u0646\u062a \u062a\u0631\u064a\u062f \u0627\u0644\u0627\u0637\u0644\u0627\u0639 \u0639\u0644\u0649 \u062a\u0641\u0627\u0635\u064a\u0644 \u0623\u064a \u0634\u0642\u0629\u060c \u0627\u0646\u0642\u0631 \u0639\u0644\u064a\u0647\u0627 <\/a><\/h2>\t\t\t\t<\/div>\n\t\t\t\t<\/div>\n\t\t\t\t<div class=\"elementor-element elementor-element-ac7a26b elementor-view-default elementor-widget elementor-widget-icon\" data-id=\"ac7a26b\" data-element_type=\"widget\" data-widget_type=\"icon.default\">\n\t\t\t\t<div class=\"elementor-widget-container\">\n\t\t\t\t\t\t\t<div class=\"elementor-icon-wrapper\">\n\t\t\t<div class=\"elementor-icon\">\n\t\t\t<i aria-hidden=\"true\" class=\"icon icon-down-arrow1\"><\/i>\t\t\t<\/div>\n\t\t<\/div>\n\t\t\t\t\t\t<\/div>\n\t\t\t\t<\/div>\n\t\t\t\t\t<\/div>\n\t\t<\/div>\n\t\t\t\t\t<\/div>\n\t\t<\/section>\n\t\t\t\t<section class=\"elementor-section elementor-top-section elementor-element elementor-element-e45d3af elementor-section-stretched elementor-section-full_width elementor-section-height-min-height elementor-section-height-default elementor-section-items-middle\" data-id=\"e45d3af\" data-element_type=\"section\" data-settings=\"{&quot;stretch_section&quot;:&quot;section-stretched&quot;}\">\n\t\t\t\t\t\t<div class=\"elementor-container elementor-column-gap-no\">\n\t\t\t\t\t<div class=\"elementor-column elementor-col-100 elementor-top-column elementor-element elementor-element-fcadc9b\" data-id=\"fcadc9b\" data-element_type=\"column\">\n\t\t\t<div class=\"elementor-widget-wrap elementor-element-populated\">\n\t\t\t\t\t\t<div class=\"elementor-element elementor-element-90b8991 elementor-widget elementor-widget-shortcode\" data-id=\"90b8991\" data-element_type=\"widget\" data-widget_type=\"shortcode.default\">\n\t\t\t\t<div class=\"elementor-widget-container\">\n\t\t\t\t\t\t\t<div class=\"elementor-shortcode\"><div><div id=\"image-map-pro-5f0c20f3-1227-4797-887f-a9ea11b77a51\"><\/div><\/div><\/div>\n\t\t\t\t\t\t<\/div>\n\t\t\t\t<\/div>\n\t\t\t\t\t<\/div>\n\t\t<\/div>\n\t\t\t\t\t<\/div>\n\t\t<\/section>\n\t\t\t\t<\/div>","protected":false},"excerpt":{"rendered":"<p>Daire Detay Hangi Dairenin Detay\u0131n\u0131 G\u00f6rmek \u0130sterseniz \u00dczerine T\u0131klay\u0131n\u0131z<\/p>","protected":false},"author":1,"featured_media":0,"parent":0,"menu_order":0,"comment_status":"closed","ping_status":"closed","template":"","meta":{"inline_featured_image":false,"footnotes":""},"class_list":["post-4168","page","type-page","status-publish","hentry"],"_links":{"self":[{"href":"https:\/\/boutiquehomesturkiye.com.tr\/ar\/wp-json\/wp\/v2\/pages\/4168","targetHints":{"allow":["GET"]}}],"collection":[{"href":"https:\/\/boutiquehomesturkiye.com.tr\/ar\/wp-json\/wp\/v2\/pages"}],"about":[{"href":"https:\/\/boutiquehomesturkiye.com.tr\/ar\/wp-json\/wp\/v2\/types\/page"}],"author":[{"embeddable":true,"href":"https:\/\/boutiquehomesturkiye.com.tr\/ar\/wp-json\/wp\/v2\/users\/1"}],"replies":[{"embeddable":true,"href":"https:\/\/boutiquehomesturkiye.com.tr\/ar\/wp-json\/wp\/v2\/comments?post=4168"}],"version-history":[{"count":8,"href":"https:\/\/boutiquehomesturkiye.com.tr\/ar\/wp-json\/wp\/v2\/pages\/4168\/revisions"}],"predecessor-version":[{"id":4237,"href":"https:\/\/boutiquehomesturkiye.com.tr\/ar\/wp-json\/wp\/v2\/pages\/4168\/revisions\/4237"}],"wp:attachment":[{"href":"https:\/\/boutiquehomesturkiye.com.tr\/ar\/wp-json\/wp\/v2\/media?parent=4168"}],"curies":[{"name":"wp","href":"https:\/\/api.w.org\/{rel}","templated":true}]}}