{"id":3780,"date":"2024-01-30T18:14:26","date_gmt":"2024-01-30T18:14:26","guid":{"rendered":"https:\/\/boutiquehomesturkiye.com.tr\/?page_id=3780"},"modified":"2024-02-16T20:41:45","modified_gmt":"2024-02-16T20:41:45","slug":"aria-marin-proje-detay","status":"publish","type":"page","link":"https:\/\/boutiquehomesturkiye.com.tr\/en\/aria-marin-proje-detay\/","title":{"rendered":"Aria Marin Project Detail"},"content":{"rendered":"<div data-elementor-type=\"wp-post\" data-elementor-id=\"3780\" class=\"elementor elementor-3780\">\n\t\t\t\t\t\t<section class=\"elementor-section elementor-top-section elementor-element elementor-element-7b4cfa8a elementor-section-full_width elementor-section-stretched elementor-section-height-default elementor-section-height-default\" data-id=\"7b4cfa8a\" data-element_type=\"section\" data-settings=\"{&quot;background_background&quot;:&quot;classic&quot;,&quot;stretch_section&quot;:&quot;section-stretched&quot;}\">\n\t\t\t\t\t\t<div class=\"elementor-container elementor-column-gap-default\">\n\t\t\t\t\t<div class=\"elementor-column elementor-col-100 elementor-top-column elementor-element elementor-element-45470dee\" data-id=\"45470dee\" data-element_type=\"column\">\n\t\t\t<div class=\"elementor-widget-wrap elementor-element-populated\">\n\t\t\t\t\t\t<div class=\"elementor-element elementor-element-aff8e43 elementor-widget elementor-widget-video\" data-id=\"aff8e43\" data-element_type=\"widget\" data-settings=\"{&quot;youtube_url&quot;:&quot;https:\\\/\\\/www.youtube.com\\\/watch?v=yxBPfnRbHMQ&quot;,&quot;start&quot;:10,&quot;autoplay&quot;:&quot;yes&quot;,&quot;loop&quot;:&quot;yes&quot;,&quot;video_type&quot;:&quot;youtube&quot;}\" data-widget_type=\"video.default\">\n\t\t\t\t<div class=\"elementor-widget-container\">\n\t\t\t\t\t\t\t<div class=\"elementor-wrapper elementor-open-inline\">\n\t\t\t<div class=\"elementor-video\"><\/div>\t\t<\/div>\n\t\t\t\t\t\t<\/div>\n\t\t\t\t<\/div>\n\t\t\t\t\t<\/div>\n\t\t<\/div>\n\t\t\t\t\t<\/div>\n\t\t<\/section>\n\t\t\t\t<section class=\"elementor-section elementor-top-section elementor-element elementor-element-60efafd elementor-section-stretched elementor-section-full_width elementor-section-height-default elementor-section-height-default\" data-id=\"60efafd\" data-element_type=\"section\" data-settings=\"{&quot;stretch_section&quot;:&quot;section-stretched&quot;,&quot;background_background&quot;:&quot;gradient&quot;}\">\n\t\t\t\t\t\t<div class=\"elementor-container elementor-column-gap-no\">\n\t\t\t\t\t<div class=\"elementor-column elementor-col-50 elementor-top-column elementor-element elementor-element-b525e83 animated-fast elementor-invisible\" data-id=\"b525e83\" data-element_type=\"column\" data-settings=\"{&quot;animation&quot;:&quot;opal-move-up&quot;}\">\n\t\t\t<div class=\"elementor-widget-wrap elementor-element-populated\">\n\t\t\t\t\t\t<div class=\"elementor-element elementor-element-54bea90 elementor-heading-mobile__align-center elementor-widget elementor-widget-heading\" data-id=\"54bea90\" data-element_type=\"widget\" data-widget_type=\"heading.default\">\n\t\t\t\t<div class=\"elementor-widget-container\">\n\t\t\t\t\t<h2 class=\"elementor-heading-title elementor-size-default\">ARIA MARIN<\/h2>\t\t\t\t<\/div>\n\t\t\t\t<\/div>\n\t\t\t\t<div class=\"elementor-element elementor-element-56bdad6 elementor-heading-mobile__align-center elementor-widget elementor-widget-heading\" data-id=\"56bdad6\" data-element_type=\"widget\" data-widget_type=\"heading.default\">\n\t\t\t\t<div class=\"elementor-widget-container\">\n\t\t\t\t\t<h2 class=\"elementor-heading-title elementor-size-default\">The Address Where Istanbul Meets the Unique Sea View<\/h2>\t\t\t\t<\/div>\n\t\t\t\t<\/div>\n\t\t\t\t<div class=\"elementor-element elementor-element-2ab9365 elementor-widget elementor-widget-text-editor\" data-id=\"2ab9365\" data-element_type=\"widget\" data-widget_type=\"text-editor.default\">\n\t\t\t\t<div class=\"elementor-widget-container\">\n\t\t\t\t\t\t\t\t\t<p>In B\u00fcy\u00fck\u00e7ekmece, the pearl of Istanbul, Aria Marin combines luxury and comfort with the soothing blue of the sea. Drawing attention with its modern architecture and unique location, Aria Marin offers a living space that raises your living standards. For detailed information <a target=\"_new\">Aria Marin<\/a> You can visit our page.<\/p>\t\t\t\t\t\t\t\t<\/div>\n\t\t\t\t<\/div>\n\t\t\t\t<div class=\"elementor-element elementor-element-ac7e21a elementor-mobile-align-center elementor-button-primary elementor-widget elementor-widget-button\" data-id=\"ac7e21a\" data-element_type=\"widget\" data-widget_type=\"button.default\">\n\t\t\t\t<div class=\"elementor-widget-container\">\n\t\t\t\t\t        <div class=\"elementor-button-wrapper\">\n            <a href=\"https:\/\/boutiquehomesturkiye.com.tr\/en\/aria-marin-daire-detaylari\/\" class=\"elementor-button-link elementor-button elementor-size-md\" role=\"button\">\n                \t\t<span class=\"elementor-button-content-wrapper\">\n\t\t\t\t\t\t\t\t\t<span class=\"elementor-button-text\">See details<\/span>\n\t\t\t\t\t<\/span>\n\t\t            <\/a>\n        <\/div>\n        \t\t\t\t<\/div>\n\t\t\t\t<\/div>\n\t\t\t\t\t<\/div>\n\t\t<\/div>\n\t\t\t\t<div class=\"elementor-column elementor-col-50 elementor-top-column elementor-element elementor-element-39a3897 animated-fast elementor-invisible\" data-id=\"39a3897\" data-element_type=\"column\" data-settings=\"{&quot;background_background&quot;:&quot;classic&quot;,&quot;animation&quot;:&quot;opal-move-left&quot;,&quot;animation_delay&quot;:100}\">\n\t\t\t<div class=\"elementor-widget-wrap elementor-element-populated\">\n\t\t\t\t\t<div class=\"elementor-background-overlay\"><\/div>\n\t\t\t\t\t\t<div class=\"elementor-element elementor-element-61acc5e elementor-widget elementor-widget-spacer\" data-id=\"61acc5e\" data-element_type=\"widget\" data-widget_type=\"spacer.default\">\n\t\t\t\t<div class=\"elementor-widget-container\">\n\t\t\t\t\t\t\t<div class=\"elementor-spacer\">\n\t\t\t<div class=\"elementor-spacer-inner\"><\/div>\n\t\t<\/div>\n\t\t\t\t\t\t<\/div>\n\t\t\t\t<\/div>\n\t\t\t\t\t<\/div>\n\t\t<\/div>\n\t\t\t\t\t<\/div>\n\t\t<\/section>\n\t\t\t\t<section class=\"elementor-section elementor-top-section elementor-element elementor-element-8afa4c4 elementor-section-stretched elementor-section-boxed elementor-section-height-default elementor-section-height-default\" data-id=\"8afa4c4\" data-element_type=\"section\" data-settings=\"{&quot;stretch_section&quot;:&quot;section-stretched&quot;,&quot;background_background&quot;:&quot;classic&quot;}\">\n\t\t\t\t\t\t<div class=\"elementor-container elementor-column-gap-no\">\n\t\t\t\t\t<div class=\"elementor-column elementor-col-100 elementor-top-column elementor-element elementor-element-cdf3bce\" data-id=\"cdf3bce\" data-element_type=\"column\">\n\t\t\t<div class=\"elementor-widget-wrap elementor-element-populated\">\n\t\t\t\t\t\t<div class=\"elementor-element elementor-element-dc5ef13 elementor-heading-mobile__align-center animated-fast elementor-invisible elementor-widget elementor-widget-heading\" data-id=\"dc5ef13\" data-element_type=\"widget\" data-settings=\"{&quot;_animation&quot;:&quot;opal-move-up&quot;}\" data-widget_type=\"heading.default\">\n\t\t\t\t<div class=\"elementor-widget-container\">\n\t\t\t\t\t<i aria-hidden=\"true\" class=\"icon_before opal-icon-decor\"><\/i><h2 class=\"elementor-heading-title elementor-size-default\">Current Blog Posts<\/h2>\t\t\t\t<\/div>\n\t\t\t\t<\/div>\n\t\t\t\t<div class=\"elementor-element elementor-element-9bab81c animated-fast elementor-invisible elementor-widget elementor-widget-opal-post-grid\" data-id=\"9bab81c\" data-element_type=\"widget\" data-settings=\"{&quot;_animation&quot;:&quot;opal-move-up&quot;,&quot;_animation_delay&quot;:100}\" data-widget_type=\"opal-post-grid.default\">\n\t\t\t\t<div class=\"elementor-widget-container\">\n\t\t\t\t\t        <div class=\"elementor-post-wrapper post-style-2\">\n            <div class=\"row\" data-elementor-columns=\"3\">\n\n                <div class=\"column-item post-style-2\">\n    <div class=\"post-inner\">\n                    <div class=\"post-thumbnail\">\n                <a href=\"https:\/\/boutiquehomesturkiye.com.tr\/en\/tumu\/haberler-genel\/gayrimenkul-yoluyla-vatandaslik-almak-ve-turkiyede-ev-alarak-vatandas-olmanin-yollari\/4731\/\">\n                    <img fetchpriority=\"high\" decoding=\"async\" width=\"600\" height=\"390\" src=\"https:\/\/boutiquehomesturkiye.com.tr\/wp-content\/uploads\/2025\/06\/gayrimenkul-ile-vatandaslik-alma-600x390.jpg\" class=\"attachment-maisonco-featured-image-large size-maisonco-featured-image-large wp-post-image\" alt=\"\" \/>                <\/a>\n                <span class=\"posted-on\"> <a href=\"https:\/\/boutiquehomesturkiye.com.tr\/en\/tumu\/haberler-genel\/gayrimenkul-yoluyla-vatandaslik-almak-ve-turkiyede-ev-alarak-vatandas-olmanin-yollari\/4731\/\" rel=\"bookmark\"><time class=\"entry-date published updated\" datetime=\"2025-06-14T06:51:18+00:00\">June 14, 2025<\/time><\/a> <\/span>\n            <\/div><!-- .post-thumbnail -->\n                <div class=\"post-content\">\n            <div class=\"entry-header\">\n                <h3 class=\"entry-title\"><a href=\"https:\/\/boutiquehomesturkiye.com.tr\/en\/tumu\/haberler-genel\/gayrimenkul-yoluyla-vatandaslik-almak-ve-turkiyede-ev-alarak-vatandas-olmanin-yollari\/4731\/\">Obtaining Citizenship through Real Estate and Ways to Become a Citizen by Buying a House in Turkey<\/a><\/h3>\n            <\/div>\n            <div class=\"entry-meta\">\n                <div class=\"entry-meta-inner\">\n                    <div class=\"entry-meta-inner\"><span class=\"entry-category\" > in <a href=\"https:\/\/boutiquehomesturkiye.com.tr\/en\/category\/tumu\/haberler-genel\/\" rel=\"category tag\">News<\/a> <\/span><span class=\"author vcard\" > Posted by <a class=\"url fn n\" href=\"https:\/\/boutiquehomesturkiye.com.tr\/en\/author\/admin3\/\">Deniz A<\/a> <\/span><\/div>                <\/div>\n            <\/div>\n\n        <\/div>\n    <\/div>\n<\/div><div class=\"column-item post-style-2\">\n    <div class=\"post-inner\">\n                    <div class=\"post-thumbnail\">\n                <a href=\"https:\/\/boutiquehomesturkiye.com.tr\/en\/tumu\/haberler-genel\/gayrimenkul-ile-vatandaslik-veren-ulkeler\/4727\/\">\n                    <img decoding=\"async\" width=\"600\" height=\"390\" src=\"https:\/\/boutiquehomesturkiye.com.tr\/wp-content\/uploads\/2025\/06\/gayrimenkul-ile-vatandaslik-veren-ulkeler-600x390.jpg\" class=\"attachment-maisonco-featured-image-large size-maisonco-featured-image-large wp-post-image\" alt=\"\" \/>                <\/a>\n                <span class=\"posted-on\"> <a href=\"https:\/\/boutiquehomesturkiye.com.tr\/en\/tumu\/haberler-genel\/gayrimenkul-ile-vatandaslik-veren-ulkeler\/4727\/\" rel=\"bookmark\"><time class=\"entry-date published updated\" datetime=\"2025-06-13T06:42:05+00:00\">June 13, 2025<\/time><\/a> <\/span>\n            <\/div><!-- .post-thumbnail -->\n                <div class=\"post-content\">\n            <div class=\"entry-header\">\n                <h3 class=\"entry-title\"><a href=\"https:\/\/boutiquehomesturkiye.com.tr\/en\/tumu\/haberler-genel\/gayrimenkul-ile-vatandaslik-veren-ulkeler\/4727\/\">Countries Granting Citizenship with Real Estate<\/a><\/h3>\n            <\/div>\n            <div class=\"entry-meta\">\n                <div class=\"entry-meta-inner\">\n                    <div class=\"entry-meta-inner\"><span class=\"entry-category\" > in <a href=\"https:\/\/boutiquehomesturkiye.com.tr\/en\/category\/tumu\/haberler-genel\/\" rel=\"category tag\">News<\/a> <\/span><span class=\"author vcard\" > Posted by <a class=\"url fn n\" href=\"https:\/\/boutiquehomesturkiye.com.tr\/en\/author\/admin3\/\">Deniz A<\/a> <\/span><\/div>                <\/div>\n            <\/div>\n\n        <\/div>\n    <\/div>\n<\/div><div class=\"column-item post-style-2\">\n    <div class=\"post-inner\">\n                    <div class=\"post-thumbnail\">\n                <a href=\"https:\/\/boutiquehomesturkiye.com.tr\/en\/tumu\/deprem-yonetmeligine-uygun-proje-secmenin-onemi-ve-dikkat-edilmesi-gerekenler\/4724\/\">\n                    <img decoding=\"async\" width=\"600\" height=\"390\" src=\"https:\/\/boutiquehomesturkiye.com.tr\/wp-content\/uploads\/2025\/06\/deprem-yonetmeligine-uygun-konut-projesi-600x390.jpg\" class=\"attachment-maisonco-featured-image-large size-maisonco-featured-image-large wp-post-image\" alt=\"\" \/>                <\/a>\n                <span class=\"posted-on\"> <a href=\"https:\/\/boutiquehomesturkiye.com.tr\/en\/tumu\/deprem-yonetmeligine-uygun-proje-secmenin-onemi-ve-dikkat-edilmesi-gerekenler\/4724\/\" rel=\"bookmark\"><time class=\"entry-date published updated\" datetime=\"2025-06-10T10:07:36+00:00\">June 10, 2025<\/time><\/a> <\/span>\n            <\/div><!-- .post-thumbnail -->\n                <div class=\"post-content\">\n            <div class=\"entry-header\">\n                <h3 class=\"entry-title\"><a href=\"https:\/\/boutiquehomesturkiye.com.tr\/en\/tumu\/deprem-yonetmeligine-uygun-proje-secmenin-onemi-ve-dikkat-edilmesi-gerekenler\/4724\/\">The Importance of Choosing a Project in Accordance with Earthquake Regulations and Things to Consider<\/a><\/h3>\n            <\/div>\n            <div class=\"entry-meta\">\n                <div class=\"entry-meta-inner\">\n                    <div class=\"entry-meta-inner\"><span class=\"entry-category\" > in <a href=\"https:\/\/boutiquehomesturkiye.com.tr\/en\/category\/tumu\/\" rel=\"category tag\">All<\/a> <\/span><span class=\"author vcard\" > Posted by <a class=\"url fn n\" href=\"https:\/\/boutiquehomesturkiye.com.tr\/en\/author\/admin3\/\">Deniz A<\/a> <\/span><\/div>                <\/div>\n            <\/div>\n\n        <\/div>\n    <\/div>\n<\/div>            <\/div>\n                    <\/div>\n        \t\t\t\t<\/div>\n\t\t\t\t<\/div>\n\t\t\t\t\t<\/div>\n\t\t<\/div>\n\t\t\t\t\t<\/div>\n\t\t<\/section>\n\t\t\t\t<\/div>","protected":false},"excerpt":{"rendered":"<p>ARIA MARIN The Address Where Istanbul Meets the Unique Sea View In B\u00fcy\u00fck\u00e7ekmece, the pearl of Istanbul, Aria Marin combines luxury and comfort with the soothing blue of the sea. Drawing attention with its modern architecture and unique location, Aria Marin offers a living space that raises your living standards. For detailed information, you can visit our Aria Marin page. See details Current Blog Posts January 28, ... <\/p>\n<p class=\"link-more\"><a href=\"https:\/\/boutiquehomesturkiye.com.tr\/en\/tumu\/deprem-yonetmeligine-uygun-proje-secmenin-onemi-ve-dikkat-edilmesi-gerekenler\/4724\/\" class=\"more-link\">Read More <span class=\"screen-reader-text\"> &#8220;Deprem Y\u00f6netmeli\u011fine Uygun Proje Se\u00e7menin \u00d6nemi ve Dikkat Edilmesi Gerekenler&#8221;<\/span><\/a><\/p>","protected":false},"author":1,"featured_media":0,"parent":0,"menu_order":0,"comment_status":"closed","ping_status":"closed","template":"","meta":{"inline_featured_image":false,"footnotes":""},"class_list":["post-3780","page","type-page","status-publish","hentry"],"_links":{"self":[{"href":"https:\/\/boutiquehomesturkiye.com.tr\/en\/wp-json\/wp\/v2\/pages\/3780","targetHints":{"allow":["GET"]}}],"collection":[{"href":"https:\/\/boutiquehomesturkiye.com.tr\/en\/wp-json\/wp\/v2\/pages"}],"about":[{"href":"https:\/\/boutiquehomesturkiye.com.tr\/en\/wp-json\/wp\/v2\/types\/page"}],"author":[{"embeddable":true,"href":"https:\/\/boutiquehomesturkiye.com.tr\/en\/wp-json\/wp\/v2\/users\/1"}],"replies":[{"embeddable":true,"href":"https:\/\/boutiquehomesturkiye.com.tr\/en\/wp-json\/wp\/v2\/comments?post=3780"}],"version-history":[{"count":74,"href":"https:\/\/boutiquehomesturkiye.com.tr\/en\/wp-json\/wp\/v2\/pages\/3780\/revisions"}],"predecessor-version":[{"id":4380,"href":"https:\/\/boutiquehomesturkiye.com.tr\/en\/wp-json\/wp\/v2\/pages\/3780\/revisions\/4380"}],"wp:attachment":[{"href":"https:\/\/boutiquehomesturkiye.com.tr\/en\/wp-json\/wp\/v2\/media?parent=3780"}],"curies":[{"name":"wp","href":"https:\/\/api.w.org\/{rel}","templated":true}]}}