{"id":4339,"date":"2024-02-16T20:12:38","date_gmt":"2024-02-16T20:12:38","guid":{"rendered":"https:\/\/boutiquehomesturkiye.com.tr\/?page_id=4339"},"modified":"2024-02-16T20:14:43","modified_gmt":"2024-02-16T20:14:43","slug":"planlanan-projeler","status":"publish","type":"page","link":"https:\/\/boutiquehomesturkiye.com.tr\/en\/planlanan-projeler\/","title":{"rendered":"Planned Projects"},"content":{"rendered":"<div data-elementor-type=\"wp-post\" data-elementor-id=\"4339\" class=\"elementor elementor-4339\">\n\t\t\t\t\t\t<section class=\"elementor-section elementor-top-section elementor-element elementor-element-6f50106 elementor-section-stretched elementor-section-full_width elementor-section-height-default elementor-section-height-default\" data-id=\"6f50106\" data-element_type=\"section\" data-settings=\"{&quot;stretch_section&quot;:&quot;section-stretched&quot;,&quot;background_background&quot;:&quot;classic&quot;}\">\n\t\t\t\t\t\t<div class=\"elementor-container elementor-column-gap-default\">\n\t\t\t\t\t<div class=\"elementor-column elementor-col-33 elementor-top-column elementor-element elementor-element-2db627e animated-fast elementor-invisible\" data-id=\"2db627e\" data-element_type=\"column\" data-settings=\"{&quot;animation&quot;:&quot;opal-move-up&quot;}\">\n\t\t\t<div class=\"elementor-widget-wrap elementor-element-populated\">\n\t\t\t\t\t\t<div class=\"elementor-widget-call-to-action elementor-element elementor-element-f273976 elementor-cta--skin-cover elementor-cta--valign-middle call-to-action-wrapper-transform-none elementor-animated-content elementor-bg-transform elementor-bg-transform-zoom-in elementor-widget elementor-widget-call-to-action\" data-id=\"f273976\" data-element_type=\"widget\" data-widget_type=\"call-to-action.default\">\n\t\t\t\t<div class=\"elementor-widget-container\">\n\t\t\t\t\t\t\t<div  class=\"elementor-cta\">\n\t\t\t\t\t<div class=\"elementor-cta__bg-wrapper\">\n\t\t\t\t<div class=\"elementor-cta__bg elementor-bg\" style=\"background-image: url(https:\/\/boutiquehomesturkiye.com.tr\/wp-content\/uploads\/2024\/01\/placeholder.png);\"><\/div>\n\t\t\t\t<div class=\"elementor-cta__bg-overlay\"><\/div>\n\t\t\t<\/div>\n\t\t\t\t\t\t\t<div class=\"elementor-cta__content\">\n                            \n                                    <h2 class=\"elementor-cta__title elementor-cta__content-item elementor-content-item elementor-animated-item--grow\">\n                    PLANNED PROJECT 1                    <\/h2>\n                \n                \n                \t\t\t<\/div>\n\t\t\t\t\t\t\t<div class=\"elementor-ribbon\">\n\t\t\t\t<div class=\"elementor-ribbon-inner\">Planned<\/div>\n\t\t\t<\/div>\n\t\t\t\t<\/div>\n\t\t\t\t\t\t<\/div>\n\t\t\t\t<\/div>\n\t\t\t\t\t<\/div>\n\t\t<\/div>\n\t\t\t\t<div class=\"elementor-column elementor-col-33 elementor-top-column elementor-element elementor-element-ebcba02 animated-fast elementor-invisible\" data-id=\"ebcba02\" data-element_type=\"column\" data-settings=\"{&quot;animation&quot;:&quot;opal-move-up&quot;}\">\n\t\t\t<div class=\"elementor-widget-wrap elementor-element-populated\">\n\t\t\t\t\t\t<div class=\"elementor-widget-call-to-action elementor-element elementor-element-0e2c196 elementor-cta--skin-cover elementor-cta--valign-middle call-to-action-wrapper-transform-none elementor-animated-content elementor-bg-transform elementor-bg-transform-zoom-in elementor-widget elementor-widget-call-to-action\" data-id=\"0e2c196\" data-element_type=\"widget\" data-widget_type=\"call-to-action.default\">\n\t\t\t\t<div class=\"elementor-widget-container\">\n\t\t\t\t\t\t\t<div  class=\"elementor-cta\">\n\t\t\t\t\t<div class=\"elementor-cta__bg-wrapper\">\n\t\t\t\t<div class=\"elementor-cta__bg elementor-bg\" style=\"background-image: url(https:\/\/boutiquehomesturkiye.com.tr\/wp-content\/uploads\/2024\/01\/placeholder.png);\"><\/div>\n\t\t\t\t<div class=\"elementor-cta__bg-overlay\"><\/div>\n\t\t\t<\/div>\n\t\t\t\t\t\t\t<div class=\"elementor-cta__content\">\n                            \n                                    <h2 class=\"elementor-cta__title elementor-cta__content-item elementor-content-item elementor-animated-item--grow\">\n                    PLANNED PROJECT 1                    <\/h2>\n                \n                \n                \t\t\t<\/div>\n\t\t\t\t\t\t\t<div class=\"elementor-ribbon\">\n\t\t\t\t<div class=\"elementor-ribbon-inner\">Planned<\/div>\n\t\t\t<\/div>\n\t\t\t\t<\/div>\n\t\t\t\t\t\t<\/div>\n\t\t\t\t<\/div>\n\t\t\t\t\t<\/div>\n\t\t<\/div>\n\t\t\t\t<div class=\"elementor-column elementor-col-33 elementor-top-column elementor-element elementor-element-2d70b0a animated-fast elementor-invisible\" data-id=\"2d70b0a\" data-element_type=\"column\" data-settings=\"{&quot;animation&quot;:&quot;opal-move-up&quot;}\">\n\t\t\t<div class=\"elementor-widget-wrap elementor-element-populated\">\n\t\t\t\t\t\t<div class=\"elementor-widget-call-to-action elementor-element elementor-element-ab3b9e5 elementor-cta--skin-cover elementor-cta--valign-middle call-to-action-wrapper-transform-none elementor-animated-content elementor-bg-transform elementor-bg-transform-zoom-in elementor-widget elementor-widget-call-to-action\" data-id=\"ab3b9e5\" data-element_type=\"widget\" data-widget_type=\"call-to-action.default\">\n\t\t\t\t<div class=\"elementor-widget-container\">\n\t\t\t\t\t\t\t<div  class=\"elementor-cta\">\n\t\t\t\t\t<div class=\"elementor-cta__bg-wrapper\">\n\t\t\t\t<div class=\"elementor-cta__bg elementor-bg\" style=\"background-image: url(https:\/\/boutiquehomesturkiye.com.tr\/wp-content\/uploads\/2024\/01\/placeholder.png);\"><\/div>\n\t\t\t\t<div class=\"elementor-cta__bg-overlay\"><\/div>\n\t\t\t<\/div>\n\t\t\t\t\t\t\t<div class=\"elementor-cta__content\">\n                            \n                                    <h2 class=\"elementor-cta__title elementor-cta__content-item elementor-content-item elementor-animated-item--grow\">\n                    PLANNED PROJECT 1                    <\/h2>\n                \n                \n                \t\t\t<\/div>\n\t\t\t\t\t\t\t<div class=\"elementor-ribbon\">\n\t\t\t\t<div class=\"elementor-ribbon-inner\">Planned<\/div>\n\t\t\t<\/div>\n\t\t\t\t<\/div>\n\t\t\t\t\t\t<\/div>\n\t\t\t\t<\/div>\n\t\t\t\t\t<\/div>\n\t\t<\/div>\n\t\t\t\t\t<\/div>\n\t\t<\/section>\n\t\t\t\t<section class=\"elementor-section elementor-top-section elementor-element elementor-element-44b4c23 elementor-section-stretched elementor-section-full_width elementor-section-height-default elementor-section-height-default\" data-id=\"44b4c23\" data-element_type=\"section\" data-settings=\"{&quot;stretch_section&quot;:&quot;section-stretched&quot;,&quot;background_background&quot;:&quot;classic&quot;}\">\n\t\t\t\t\t\t<div class=\"elementor-container elementor-column-gap-default\">\n\t\t\t\t\t<div class=\"elementor-column elementor-col-33 elementor-top-column elementor-element elementor-element-9bbb7f1 animated-fast elementor-invisible\" data-id=\"9bbb7f1\" data-element_type=\"column\" data-settings=\"{&quot;animation&quot;:&quot;opal-move-up&quot;}\">\n\t\t\t<div class=\"elementor-widget-wrap elementor-element-populated\">\n\t\t\t\t\t\t<div class=\"elementor-widget-call-to-action elementor-element elementor-element-b7361cd elementor-cta--skin-cover elementor-cta--valign-middle call-to-action-wrapper-transform-none elementor-animated-content elementor-bg-transform elementor-bg-transform-zoom-in elementor-widget elementor-widget-call-to-action\" data-id=\"b7361cd\" data-element_type=\"widget\" data-widget_type=\"call-to-action.default\">\n\t\t\t\t<div class=\"elementor-widget-container\">\n\t\t\t\t\t\t\t<div  class=\"elementor-cta\">\n\t\t\t\t\t<div class=\"elementor-cta__bg-wrapper\">\n\t\t\t\t<div class=\"elementor-cta__bg elementor-bg\" style=\"background-image: url(https:\/\/boutiquehomesturkiye.com.tr\/wp-content\/uploads\/2024\/01\/placeholder.png);\"><\/div>\n\t\t\t\t<div class=\"elementor-cta__bg-overlay\"><\/div>\n\t\t\t<\/div>\n\t\t\t\t\t\t\t<div class=\"elementor-cta__content\">\n                            \n                                    <h2 class=\"elementor-cta__title elementor-cta__content-item elementor-content-item elementor-animated-item--grow\">\n                    PLANNED PROJECT 1                    <\/h2>\n                \n                \n                \t\t\t<\/div>\n\t\t\t\t\t\t\t<div class=\"elementor-ribbon\">\n\t\t\t\t<div class=\"elementor-ribbon-inner\">Planned<\/div>\n\t\t\t<\/div>\n\t\t\t\t<\/div>\n\t\t\t\t\t\t<\/div>\n\t\t\t\t<\/div>\n\t\t\t\t\t<\/div>\n\t\t<\/div>\n\t\t\t\t<div class=\"elementor-column elementor-col-33 elementor-top-column elementor-element elementor-element-b88aa72 animated-fast elementor-invisible\" data-id=\"b88aa72\" data-element_type=\"column\" data-settings=\"{&quot;animation&quot;:&quot;opal-move-up&quot;}\">\n\t\t\t<div class=\"elementor-widget-wrap elementor-element-populated\">\n\t\t\t\t\t\t<div class=\"elementor-widget-call-to-action elementor-element elementor-element-162ff63 elementor-cta--skin-cover elementor-cta--valign-middle call-to-action-wrapper-transform-none elementor-animated-content elementor-bg-transform elementor-bg-transform-zoom-in elementor-widget elementor-widget-call-to-action\" data-id=\"162ff63\" data-element_type=\"widget\" data-widget_type=\"call-to-action.default\">\n\t\t\t\t<div class=\"elementor-widget-container\">\n\t\t\t\t\t\t\t<div  class=\"elementor-cta\">\n\t\t\t\t\t<div class=\"elementor-cta__bg-wrapper\">\n\t\t\t\t<div class=\"elementor-cta__bg elementor-bg\" style=\"background-image: url(https:\/\/boutiquehomesturkiye.com.tr\/wp-content\/uploads\/2024\/01\/placeholder.png);\"><\/div>\n\t\t\t\t<div class=\"elementor-cta__bg-overlay\"><\/div>\n\t\t\t<\/div>\n\t\t\t\t\t\t\t<div class=\"elementor-cta__content\">\n                            \n                                    <h2 class=\"elementor-cta__title elementor-cta__content-item elementor-content-item elementor-animated-item--grow\">\n                    PLANNED PROJECT 1                    <\/h2>\n                \n                \n                \t\t\t<\/div>\n\t\t\t\t\t\t\t<div class=\"elementor-ribbon\">\n\t\t\t\t<div class=\"elementor-ribbon-inner\">Planned<\/div>\n\t\t\t<\/div>\n\t\t\t\t<\/div>\n\t\t\t\t\t\t<\/div>\n\t\t\t\t<\/div>\n\t\t\t\t\t<\/div>\n\t\t<\/div>\n\t\t\t\t<div class=\"elementor-column elementor-col-33 elementor-top-column elementor-element elementor-element-3005f33 animated-fast elementor-invisible\" data-id=\"3005f33\" data-element_type=\"column\" data-settings=\"{&quot;animation&quot;:&quot;opal-move-up&quot;}\">\n\t\t\t<div class=\"elementor-widget-wrap elementor-element-populated\">\n\t\t\t\t\t\t<div class=\"elementor-widget-call-to-action elementor-element elementor-element-56ca92e elementor-cta--skin-cover elementor-cta--valign-middle call-to-action-wrapper-transform-none elementor-animated-content elementor-bg-transform elementor-bg-transform-zoom-in elementor-widget elementor-widget-call-to-action\" data-id=\"56ca92e\" data-element_type=\"widget\" data-widget_type=\"call-to-action.default\">\n\t\t\t\t<div class=\"elementor-widget-container\">\n\t\t\t\t\t\t\t<div  class=\"elementor-cta\">\n\t\t\t\t\t<div class=\"elementor-cta__bg-wrapper\">\n\t\t\t\t<div class=\"elementor-cta__bg elementor-bg\" style=\"background-image: url(https:\/\/boutiquehomesturkiye.com.tr\/wp-content\/uploads\/2024\/01\/placeholder.png);\"><\/div>\n\t\t\t\t<div class=\"elementor-cta__bg-overlay\"><\/div>\n\t\t\t<\/div>\n\t\t\t\t\t\t\t<div class=\"elementor-cta__content\">\n                            \n                                    <h2 class=\"elementor-cta__title elementor-cta__content-item elementor-content-item elementor-animated-item--grow\">\n                    PLANNED PROJECT 1                    <\/h2>\n                \n                \n                \t\t\t<\/div>\n\t\t\t\t\t\t\t<div class=\"elementor-ribbon\">\n\t\t\t\t<div class=\"elementor-ribbon-inner\">Planned<\/div>\n\t\t\t<\/div>\n\t\t\t\t<\/div>\n\t\t\t\t\t\t<\/div>\n\t\t\t\t<\/div>\n\t\t\t\t\t<\/div>\n\t\t<\/div>\n\t\t\t\t\t<\/div>\n\t\t<\/section>\n\t\t\t\t<section class=\"elementor-section elementor-top-section elementor-element elementor-element-8afa4c4 elementor-section-stretched elementor-section-boxed elementor-section-height-default elementor-section-height-default\" data-id=\"8afa4c4\" data-element_type=\"section\" data-settings=\"{&quot;stretch_section&quot;:&quot;section-stretched&quot;,&quot;background_background&quot;:&quot;classic&quot;}\">\n\t\t\t\t\t\t<div class=\"elementor-container elementor-column-gap-no\">\n\t\t\t\t\t<div class=\"elementor-column elementor-col-100 elementor-top-column elementor-element elementor-element-cdf3bce\" data-id=\"cdf3bce\" data-element_type=\"column\">\n\t\t\t<div class=\"elementor-widget-wrap elementor-element-populated\">\n\t\t\t\t\t\t<div class=\"elementor-element elementor-element-dc5ef13 elementor-heading-mobile__align-center animated-fast elementor-invisible elementor-widget elementor-widget-heading\" data-id=\"dc5ef13\" data-element_type=\"widget\" data-settings=\"{&quot;_animation&quot;:&quot;opal-move-up&quot;}\" data-widget_type=\"heading.default\">\n\t\t\t\t<div class=\"elementor-widget-container\">\n\t\t\t\t\t<i aria-hidden=\"true\" class=\"icon_before opal-icon-decor\"><\/i><h2 class=\"elementor-heading-title elementor-size-default\">Current Blog Posts<\/h2>\t\t\t\t<\/div>\n\t\t\t\t<\/div>\n\t\t\t\t<div class=\"elementor-element elementor-element-9bab81c animated-fast elementor-invisible elementor-widget elementor-widget-opal-post-grid\" data-id=\"9bab81c\" data-element_type=\"widget\" data-settings=\"{&quot;_animation&quot;:&quot;opal-move-up&quot;,&quot;_animation_delay&quot;:100}\" data-widget_type=\"opal-post-grid.default\">\n\t\t\t\t<div class=\"elementor-widget-container\">\n\t\t\t\t\t        <div class=\"elementor-post-wrapper post-style-2\">\n            <div class=\"row\" data-elementor-columns=\"3\">\n\n                <div class=\"column-item post-style-2\">\n    <div class=\"post-inner\">\n                    <div class=\"post-thumbnail\">\n                <a href=\"https:\/\/boutiquehomesturkiye.com.tr\/en\/tumu\/haberler-genel\/gayrimenkul-yoluyla-vatandaslik-almak-ve-turkiyede-ev-alarak-vatandas-olmanin-yollari\/4731\/\">\n                    <img fetchpriority=\"high\" decoding=\"async\" width=\"600\" height=\"390\" src=\"https:\/\/boutiquehomesturkiye.com.tr\/wp-content\/uploads\/2025\/06\/gayrimenkul-ile-vatandaslik-alma-600x390.jpg\" class=\"attachment-maisonco-featured-image-large size-maisonco-featured-image-large wp-post-image\" alt=\"\" \/>                <\/a>\n                <span class=\"posted-on\"> <a href=\"https:\/\/boutiquehomesturkiye.com.tr\/en\/tumu\/haberler-genel\/gayrimenkul-yoluyla-vatandaslik-almak-ve-turkiyede-ev-alarak-vatandas-olmanin-yollari\/4731\/\" rel=\"bookmark\"><time class=\"entry-date published updated\" datetime=\"2025-06-14T06:51:18+00:00\">June 14, 2025<\/time><\/a> <\/span>\n            <\/div><!-- .post-thumbnail -->\n                <div class=\"post-content\">\n            <div class=\"entry-header\">\n                <h3 class=\"entry-title\"><a href=\"https:\/\/boutiquehomesturkiye.com.tr\/en\/tumu\/haberler-genel\/gayrimenkul-yoluyla-vatandaslik-almak-ve-turkiyede-ev-alarak-vatandas-olmanin-yollari\/4731\/\">Obtaining Citizenship through Real Estate and Ways to Become a Citizen by Buying a House in Turkey<\/a><\/h3>\n            <\/div>\n            <div class=\"entry-meta\">\n                <div class=\"entry-meta-inner\">\n                    <div class=\"entry-meta-inner\"><span class=\"entry-category\" > in <a href=\"https:\/\/boutiquehomesturkiye.com.tr\/en\/category\/tumu\/haberler-genel\/\" rel=\"category tag\">News<\/a> <\/span><span class=\"author vcard\" > Posted by <a class=\"url fn n\" href=\"https:\/\/boutiquehomesturkiye.com.tr\/en\/author\/admin3\/\">Deniz A<\/a> <\/span><\/div>                <\/div>\n            <\/div>\n\n        <\/div>\n    <\/div>\n<\/div><div class=\"column-item post-style-2\">\n    <div class=\"post-inner\">\n                    <div class=\"post-thumbnail\">\n                <a href=\"https:\/\/boutiquehomesturkiye.com.tr\/en\/tumu\/haberler-genel\/gayrimenkul-ile-vatandaslik-veren-ulkeler\/4727\/\">\n                    <img decoding=\"async\" width=\"600\" height=\"390\" src=\"https:\/\/boutiquehomesturkiye.com.tr\/wp-content\/uploads\/2025\/06\/gayrimenkul-ile-vatandaslik-veren-ulkeler-600x390.jpg\" class=\"attachment-maisonco-featured-image-large size-maisonco-featured-image-large wp-post-image\" alt=\"\" \/>                <\/a>\n                <span class=\"posted-on\"> <a href=\"https:\/\/boutiquehomesturkiye.com.tr\/en\/tumu\/haberler-genel\/gayrimenkul-ile-vatandaslik-veren-ulkeler\/4727\/\" rel=\"bookmark\"><time class=\"entry-date published updated\" datetime=\"2025-06-13T06:42:05+00:00\">June 13, 2025<\/time><\/a> <\/span>\n            <\/div><!-- .post-thumbnail -->\n                <div class=\"post-content\">\n            <div class=\"entry-header\">\n                <h3 class=\"entry-title\"><a href=\"https:\/\/boutiquehomesturkiye.com.tr\/en\/tumu\/haberler-genel\/gayrimenkul-ile-vatandaslik-veren-ulkeler\/4727\/\">Countries Granting Citizenship with Real Estate<\/a><\/h3>\n            <\/div>\n            <div class=\"entry-meta\">\n                <div class=\"entry-meta-inner\">\n                    <div class=\"entry-meta-inner\"><span class=\"entry-category\" > in <a href=\"https:\/\/boutiquehomesturkiye.com.tr\/en\/category\/tumu\/haberler-genel\/\" rel=\"category tag\">News<\/a> <\/span><span class=\"author vcard\" > Posted by <a class=\"url fn n\" href=\"https:\/\/boutiquehomesturkiye.com.tr\/en\/author\/admin3\/\">Deniz A<\/a> <\/span><\/div>                <\/div>\n            <\/div>\n\n        <\/div>\n    <\/div>\n<\/div><div class=\"column-item post-style-2\">\n    <div class=\"post-inner\">\n                    <div class=\"post-thumbnail\">\n                <a href=\"https:\/\/boutiquehomesturkiye.com.tr\/en\/tumu\/deprem-yonetmeligine-uygun-proje-secmenin-onemi-ve-dikkat-edilmesi-gerekenler\/4724\/\">\n                    <img decoding=\"async\" width=\"600\" height=\"390\" src=\"https:\/\/boutiquehomesturkiye.com.tr\/wp-content\/uploads\/2025\/06\/deprem-yonetmeligine-uygun-konut-projesi-600x390.jpg\" class=\"attachment-maisonco-featured-image-large size-maisonco-featured-image-large wp-post-image\" alt=\"\" \/>                <\/a>\n                <span class=\"posted-on\"> <a href=\"https:\/\/boutiquehomesturkiye.com.tr\/en\/tumu\/deprem-yonetmeligine-uygun-proje-secmenin-onemi-ve-dikkat-edilmesi-gerekenler\/4724\/\" rel=\"bookmark\"><time class=\"entry-date published updated\" datetime=\"2025-06-10T10:07:36+00:00\">June 10, 2025<\/time><\/a> <\/span>\n            <\/div><!-- .post-thumbnail -->\n                <div class=\"post-content\">\n            <div class=\"entry-header\">\n                <h3 class=\"entry-title\"><a href=\"https:\/\/boutiquehomesturkiye.com.tr\/en\/tumu\/deprem-yonetmeligine-uygun-proje-secmenin-onemi-ve-dikkat-edilmesi-gerekenler\/4724\/\">The Importance of Choosing a Project in Accordance with Earthquake Regulations and Things to Consider<\/a><\/h3>\n            <\/div>\n            <div class=\"entry-meta\">\n                <div class=\"entry-meta-inner\">\n                    <div class=\"entry-meta-inner\"><span class=\"entry-category\" > in <a href=\"https:\/\/boutiquehomesturkiye.com.tr\/en\/category\/tumu\/\" rel=\"category tag\">All<\/a> <\/span><span class=\"author vcard\" > Posted by <a class=\"url fn n\" href=\"https:\/\/boutiquehomesturkiye.com.tr\/en\/author\/admin3\/\">Deniz A<\/a> <\/span><\/div>                <\/div>\n            <\/div>\n\n        <\/div>\n    <\/div>\n<\/div>            <\/div>\n                    <\/div>\n        \t\t\t\t<\/div>\n\t\t\t\t<\/div>\n\t\t\t\t\t<\/div>\n\t\t<\/div>\n\t\t\t\t\t<\/div>\n\t\t<\/section>\n\t\t\t\t<\/div>","protected":false},"excerpt":{"rendered":"<p>PLANLANAN PROJE 1 Planlanan PLANLANAN PROJE 1 Planlanan PLANLANAN PROJE 1 Planlanan PLANLANAN PROJE 1 Planlanan PLANLANAN PROJE 1 Planlanan PLANLANAN PROJE 1 Planlanan G\u00fcncel Blog Yaz\u0131lar\u0131 January 28, 2024January 31, 2024 Asil \u0130n\u015faat Yeni Web Sitemiz Yay\u0131nda! in Haberler Posted by Asilnaat December 20, 2018January 31, 2024 Daire Se\u00e7erken Dikkat Etmeniz Gerekenler in \u0130p \u2026 <\/p>\n<p class=\"link-more\"><a href=\"https:\/\/boutiquehomesturkiye.com.tr\/en\/tumu\/deprem-yonetmeligine-uygun-proje-secmenin-onemi-ve-dikkat-edilmesi-gerekenler\/4724\/\" class=\"more-link\">Read More <span class=\"screen-reader-text\"> &#8220;Deprem Y\u00f6netmeli\u011fine Uygun Proje Se\u00e7menin \u00d6nemi ve Dikkat Edilmesi Gerekenler&#8221;<\/span><\/a><\/p>","protected":false},"author":1,"featured_media":0,"parent":0,"menu_order":1,"comment_status":"closed","ping_status":"closed","template":"page-elementor.php","meta":{"inline_featured_image":false,"footnotes":""},"class_list":["post-4339","page","type-page","status-publish","hentry"],"_links":{"self":[{"href":"https:\/\/boutiquehomesturkiye.com.tr\/en\/wp-json\/wp\/v2\/pages\/4339","targetHints":{"allow":["GET"]}}],"collection":[{"href":"https:\/\/boutiquehomesturkiye.com.tr\/en\/wp-json\/wp\/v2\/pages"}],"about":[{"href":"https:\/\/boutiquehomesturkiye.com.tr\/en\/wp-json\/wp\/v2\/types\/page"}],"author":[{"embeddable":true,"href":"https:\/\/boutiquehomesturkiye.com.tr\/en\/wp-json\/wp\/v2\/users\/1"}],"replies":[{"embeddable":true,"href":"https:\/\/boutiquehomesturkiye.com.tr\/en\/wp-json\/wp\/v2\/comments?post=4339"}],"version-history":[{"count":4,"href":"https:\/\/boutiquehomesturkiye.com.tr\/en\/wp-json\/wp\/v2\/pages\/4339\/revisions"}],"predecessor-version":[{"id":4343,"href":"https:\/\/boutiquehomesturkiye.com.tr\/en\/wp-json\/wp\/v2\/pages\/4339\/revisions\/4343"}],"wp:attachment":[{"href":"https:\/\/boutiquehomesturkiye.com.tr\/en\/wp-json\/wp\/v2\/media?parent=4339"}],"curies":[{"name":"wp","href":"https:\/\/api.w.org\/{rel}","templated":true}]}}