{"id":4033,"date":"2024-02-12T12:39:46","date_gmt":"2024-02-12T12:39:46","guid":{"rendered":"https:\/\/boutiquehomesturkiye.com.tr\/?page_id=4033"},"modified":"2024-02-12T12:53:13","modified_gmt":"2024-02-12T12:53:13","slug":"asil-comfort-1","status":"publish","type":"page","link":"https:\/\/boutiquehomesturkiye.com.tr\/ru\/tamamlanan-projeler\/asil-comfort-1\/","title":{"rendered":"\u0410\u0441\u0438\u043b \u041a\u043e\u043c\u0444\u043e\u0440\u0442 1"},"content":{"rendered":"<div data-elementor-type=\"wp-page\" data-elementor-id=\"4033\" class=\"elementor elementor-4033\">\n\t\t\t\t\t\t<section class=\"elementor-section elementor-top-section elementor-element elementor-element-65ef5ce elementor-section-stretched elementor-section-full_width elementor-section-height-default elementor-section-height-default\" data-id=\"65ef5ce\" data-element_type=\"section\" data-settings=\"{&quot;stretch_section&quot;:&quot;section-stretched&quot;,&quot;background_background&quot;:&quot;classic&quot;}\">\n\t\t\t\t\t\t\t<div class=\"elementor-background-overlay\"><\/div>\n\t\t\t\t\t\t\t<div class=\"elementor-container elementor-column-gap-default\">\n\t\t\t\t\t<div class=\"elementor-column elementor-col-100 elementor-top-column elementor-element elementor-element-8fb4656\" data-id=\"8fb4656\" data-element_type=\"column\">\n\t\t\t<div class=\"elementor-widget-wrap elementor-element-populated\">\n\t\t\t\t\t\t<div class=\"elementor-element elementor-element-1c061a4 elementor-widget elementor-widget-spacer\" data-id=\"1c061a4\" data-element_type=\"widget\" data-widget_type=\"spacer.default\">\n\t\t\t\t<div class=\"elementor-widget-container\">\n\t\t\t\t\t\t\t<div class=\"elementor-spacer\">\n\t\t\t<div class=\"elementor-spacer-inner\"><\/div>\n\t\t<\/div>\n\t\t\t\t\t\t<\/div>\n\t\t\t\t<\/div>\n\t\t\t\t<div class=\"elementor-element elementor-element-893bc50 elementor-heading__align-center elementor-widget elementor-widget-heading\" data-id=\"893bc50\" data-element_type=\"widget\" data-widget_type=\"heading.default\">\n\t\t\t\t<div class=\"elementor-widget-container\">\n\t\t\t\t\t<h2 class=\"elementor-heading-title elementor-size-default\">\u0410\u0441\u0438\u043b \u041a\u043e\u043c\u0444\u043e\u0440\u0442 1<\/h2>\t\t\t\t<\/div>\n\t\t\t\t<\/div>\n\t\t\t\t<div class=\"elementor-element elementor-element-437e472 elementor-widget elementor-widget-spacer\" data-id=\"437e472\" data-element_type=\"widget\" data-widget_type=\"spacer.default\">\n\t\t\t\t<div class=\"elementor-widget-container\">\n\t\t\t\t\t\t\t<div class=\"elementor-spacer\">\n\t\t\t<div class=\"elementor-spacer-inner\"><\/div>\n\t\t<\/div>\n\t\t\t\t\t\t<\/div>\n\t\t\t\t<\/div>\n\t\t\t\t\t<\/div>\n\t\t<\/div>\n\t\t\t\t\t<\/div>\n\t\t<\/section>\n\t\t\t\t<section class=\"elementor-section elementor-top-section elementor-element elementor-element-381e1d6 elementor-section-stretched elementor-section-full_width elementor-section-height-default elementor-section-height-default\" data-id=\"381e1d6\" data-element_type=\"section\" data-settings=\"{&quot;stretch_section&quot;:&quot;section-stretched&quot;,&quot;background_background&quot;:&quot;classic&quot;}\">\n\t\t\t\t\t\t\t<div class=\"elementor-background-overlay\"><\/div>\n\t\t\t\t\t\t\t<div class=\"elementor-container elementor-column-gap-default\">\n\t\t\t\t\t<div class=\"elementor-column elementor-col-100 elementor-top-column elementor-element elementor-element-092d24c\" data-id=\"092d24c\" data-element_type=\"column\">\n\t\t\t<div class=\"elementor-widget-wrap elementor-element-populated\">\n\t\t\t\t\t\t<div class=\"elementor-element elementor-element-0a0a30c elementor-widget elementor-widget-spacer\" data-id=\"0a0a30c\" data-element_type=\"widget\" data-widget_type=\"spacer.default\">\n\t\t\t\t<div class=\"elementor-widget-container\">\n\t\t\t\t\t\t\t<div class=\"elementor-spacer\">\n\t\t\t<div class=\"elementor-spacer-inner\"><\/div>\n\t\t<\/div>\n\t\t\t\t\t\t<\/div>\n\t\t\t\t<\/div>\n\t\t\t\t<div class=\"elementor-element elementor-element-e9e07d3 elementor-heading__align-center elementor-widget elementor-widget-heading\" data-id=\"e9e07d3\" data-element_type=\"widget\" data-widget_type=\"heading.default\">\n\t\t\t\t<div class=\"elementor-widget-container\">\n\t\t\t\t\t<h2 class=\"elementor-heading-title elementor-size-default\">\u0413\u0430\u043b\u0435\u0440\u0435\u044f<\/h2>\t\t\t\t<\/div>\n\t\t\t\t<\/div>\n\t\t\t\t<div class=\"elementor-element elementor-element-658bfbe elementor-widget elementor-widget-image-gallery\" data-id=\"658bfbe\" data-element_type=\"widget\" data-widget_type=\"image-gallery.default\">\n\t\t\t\t<div class=\"elementor-widget-container\">\n\t\t\t\t\t\t\t<div class=\"elementor-image-gallery\">\n\t\t\t<div id='gallery-1' class='gallery galleryid-4033 gallery-columns-3 gallery-size-full'><figure class='gallery-item'>\n\t\t\t<div class='gallery-icon landscape'>\n\t\t\t\t<a data-elementor-open-lightbox=\"yes\" data-elementor-lightbox-slideshow=\"658bfbe\" data-elementor-lightbox-title=\"asil comfort 2\" data-elementor-lightbox-description=\"asil comfort 2\" data-e-action-hash=\"#elementor-action%3Aaction%3Dlightbox%26settings%3DeyJpZCI6NDAzMSwidXJsIjoiaHR0cHM6XC9cL2JvdXRpcXVlaG9tZXN0dXJraXllLmNvbS50clwvd3AtY29udGVudFwvdXBsb2Fkc1wvMjAyNFwvMDJcL2FzaWwtY29tZm9ydC0yLndlYnAiLCJzbGlkZXNob3ciOiI2NThiZmJlIn0%3D\" href='https:\/\/boutiquehomesturkiye.com.tr\/wp-content\/uploads\/2024\/02\/asil-comfort-2.webp'><img fetchpriority=\"high\" decoding=\"async\" width=\"365\" height=\"245\" src=\"https:\/\/boutiquehomesturkiye.com.tr\/wp-content\/uploads\/2024\/02\/asil-comfort-2.webp\" class=\"attachment-full size-full\" alt=\"asil comfort 2\" aria-describedby=\"gallery-1-4031\" srcset=\"https:\/\/boutiquehomesturkiye.com.tr\/wp-content\/uploads\/2024\/02\/asil-comfort-2.webp 365w, https:\/\/boutiquehomesturkiye.com.tr\/wp-content\/uploads\/2024\/02\/asil-comfort-2-300x201.webp 300w\" sizes=\"(max-width: 365px) 100vw, 365px\" \/><\/a>\n\t\t\t<\/div>\n\t\t\t\t<figcaption class='wp-caption-text gallery-caption' id='gallery-1-4031'>\n\t\t\t\t\u0431\u043b\u0430\u0433\u043e\u0440\u043e\u0434\u043d\u044b\u0439 \u043a\u043e\u043c\u0444\u043e\u0440\u0442 2\n\t\t\t\t<\/figcaption><\/figure><figure class='gallery-item'>\n\t\t\t<div class='gallery-icon landscape'>\n\t\t\t\t<a data-elementor-open-lightbox=\"yes\" data-elementor-lightbox-slideshow=\"658bfbe\" data-elementor-lightbox-title=\"asil comfort 2.1\" data-elementor-lightbox-description=\"asil comfort 2\" data-e-action-hash=\"#elementor-action%3Aaction%3Dlightbox%26settings%3DeyJpZCI6NDA0NSwidXJsIjoiaHR0cHM6XC9cL2JvdXRpcXVlaG9tZXN0dXJraXllLmNvbS50clwvd3AtY29udGVudFwvdXBsb2Fkc1wvMjAyNFwvMDJcL2FzaWwtY29tZm9ydC0yLjEuanBnIiwic2xpZGVzaG93IjoiNjU4YmZiZSJ9\" href='https:\/\/boutiquehomesturkiye.com.tr\/wp-content\/uploads\/2024\/02\/asil-comfort-2.1.jpg'><img decoding=\"async\" width=\"700\" height=\"466\" src=\"https:\/\/boutiquehomesturkiye.com.tr\/wp-content\/uploads\/2024\/02\/asil-comfort-2.1.jpg\" class=\"attachment-full size-full\" alt=\"\" srcset=\"https:\/\/boutiquehomesturkiye.com.tr\/wp-content\/uploads\/2024\/02\/asil-comfort-2.1.jpg 700w, https:\/\/boutiquehomesturkiye.com.tr\/wp-content\/uploads\/2024\/02\/asil-comfort-2.1-300x200.jpg 300w, https:\/\/boutiquehomesturkiye.com.tr\/wp-content\/uploads\/2024\/02\/asil-comfort-2.1-400x266.jpg 400w\" sizes=\"(max-width: 700px) 100vw, 700px\" \/><\/a>\n\t\t\t<\/div><\/figure>\n\t\t<\/div>\n\t\t<\/div>\n\t\t\t\t\t\t<\/div>\n\t\t\t\t<\/div>\n\t\t\t\t<div class=\"elementor-element elementor-element-594d9a7 elementor-heading__align-center elementor-widget elementor-widget-heading\" data-id=\"594d9a7\" data-element_type=\"widget\" data-widget_type=\"heading.default\">\n\t\t\t\t<div class=\"elementor-widget-container\">\n\t\t\t\t\t<h2 class=\"elementor-heading-title elementor-size-default\">\u0414\u0435\u0442\u0430\u043b\u0438 \u043f\u0440\u043e\u0435\u043a\u0442\u0430<\/h2>\t\t\t\t<\/div>\n\t\t\t\t<\/div>\n\t\t\t\t<div class=\"elementor-element elementor-element-c34a6ca elementor-widget elementor-widget-text-editor\" data-id=\"c34a6ca\" data-element_type=\"widget\" data-widget_type=\"text-editor.default\">\n\t\t\t\t<div class=\"elementor-widget-container\">\n\t\t\t\t\t\t\t\t\t<p style=\"text-align: center;\"><strong>\u041c\u0435\u0441\u0442\u043e\u043f\u043e\u043b\u043e\u0436\u0435\u043d\u0438\u0435 \u043f\u0440\u043e\u0435\u043a\u0442\u0430<\/strong>\u0411\u044e\u0439\u044e\u043a\u0447\u0435\u043a\u043c\u0435\u0434\u0436\u0435 \/ \u0421\u0442\u0430\u043c\u0431\u0443\u043b<\/p><p style=\"text-align: center;\"><strong>\u0421\u0442\u0440\u043e\u0438\u0442\u0435\u043b\u044c\u043d\u0430\u044f \u0437\u043e\u043d\u0430<\/strong>4500<\/p><p style=\"text-align: center;\"><strong>\u043a\u043e\u043b\u0438\u0447\u0435\u0441\u0442\u0432\u043e \u0436\u0438\u043b\u044c\u044f<\/strong>115<\/p><p style=\"text-align: center;\"><strong>\u0416\u0438\u043b\u044b\u0435 \u0440\u0430\u0439\u043e\u043d\u044b<\/strong>90 \u043c2 - 220 \u043c2<\/p><p style=\"text-align: center;\"><strong>\u041d\u0430\u0447\u0430\u043b\u043e \u043f\u0440\u043e\u0435\u043a\u0442\u0430<\/strong>\u041c\u0430\u0440\u0442 2019 \u0433\u043e\u0434\u0430<\/p><p style=\"text-align: center;\"><strong>\u0414\u0430\u0442\u0430 \u0434\u043e\u0441\u0442\u0430\u0432\u043a\u0438<\/strong>\u041c\u0430\u0440\u0442 2021 \u0433\u043e\u0434\u0430<\/p><p style=\"text-align: center;\"><strong>\u0422\u0438\u043f\u044b \u0436\u0438\u043b\u044c\u044f<\/strong>1+1, 2+1, 3+1, 3+2, 4+2<\/p><p style=\"text-align: center;\"><strong>\u0421\u043e\u0446\u0438\u0430\u043b\u044c\u043d\u044b\u0435 \u043e\u0431\u044a\u0435\u043a\u0442\u044b<\/strong>\u041e\u0442\u043a\u0440\u044b\u0442\u044b\u0439 \u0431\u0430\u0441\u0441\u0435\u0439\u043d, \u043a\u0440\u044b\u0442\u0430\u044f \u043f\u0430\u0440\u043a\u043e\u0432\u043a\u0430, \u043a\u0440\u0443\u0433\u043b\u043e\u0441\u0443\u0442\u043e\u0447\u043d\u0430\u044f \u043e\u0445\u0440\u0430\u043d\u0430, \u0434\u0435\u0442\u0441\u043a\u0438\u0439 \u043f\u0430\u0440\u043a, \u043a\u0430\u043c\u0435\u043b\u0438\u0438, \u0440\u0435\u0437\u0435\u0440\u0432\u0443\u0430\u0440 \u0434\u043b\u044f \u0432\u043e\u0434\u044b, \u0433\u0435\u043d\u0435\u0440\u0430\u0442\u043e\u0440, \u043b\u0438\u0444\u0442<\/p>\t\t\t\t\t\t\t\t<\/div>\n\t\t\t\t<\/div>\n\t\t\t\t<div class=\"elementor-element elementor-element-4f17b26 elementor-widget elementor-widget-spacer\" data-id=\"4f17b26\" data-element_type=\"widget\" data-widget_type=\"spacer.default\">\n\t\t\t\t<div class=\"elementor-widget-container\">\n\t\t\t\t\t\t\t<div class=\"elementor-spacer\">\n\t\t\t<div class=\"elementor-spacer-inner\"><\/div>\n\t\t<\/div>\n\t\t\t\t\t\t<\/div>\n\t\t\t\t<\/div>\n\t\t\t\t\t<\/div>\n\t\t<\/div>\n\t\t\t\t\t<\/div>\n\t\t<\/section>\n\t\t\t\t<\/div>","protected":false},"excerpt":{"rendered":"<p>Asil Comfort 1 Galeri asil comfort 2 Proje Detaylar\u0131 Proje YeriB\u00fcy\u00fck\u00e7ekmece \/ \u0130stanbul \u0130n\u015faat Alan\u01314500 konutadeti115 Konut Alanlar\u013190 m2 \u2013 220 m2 Proje Ba\u015flang\u0131\u00e7Mart 2019 Teslim TarihiMart 2021 Konut Tipleri1+1, 2+1, 3+1, 3+2, 4+2 Sosyal \u0130mkanlarA\u00e7\u0131k Havuz, Kapal\u0131 Otopark, 7\/24 G\u00fcvenlik, \u00c7ocuk Park\u0131, Kamelya, Su Deposu, Jenerat\u00f6r, Asans\u00f6r<\/p>","protected":false},"author":1,"featured_media":0,"parent":4028,"menu_order":0,"comment_status":"closed","ping_status":"closed","template":"","meta":{"inline_featured_image":false,"footnotes":""},"class_list":["post-4033","page","type-page","status-publish","hentry"],"_links":{"self":[{"href":"https:\/\/boutiquehomesturkiye.com.tr\/ru\/wp-json\/wp\/v2\/pages\/4033","targetHints":{"allow":["GET"]}}],"collection":[{"href":"https:\/\/boutiquehomesturkiye.com.tr\/ru\/wp-json\/wp\/v2\/pages"}],"about":[{"href":"https:\/\/boutiquehomesturkiye.com.tr\/ru\/wp-json\/wp\/v2\/types\/page"}],"author":[{"embeddable":true,"href":"https:\/\/boutiquehomesturkiye.com.tr\/ru\/wp-json\/wp\/v2\/users\/1"}],"replies":[{"embeddable":true,"href":"https:\/\/boutiquehomesturkiye.com.tr\/ru\/wp-json\/wp\/v2\/comments?post=4033"}],"version-history":[{"count":29,"href":"https:\/\/boutiquehomesturkiye.com.tr\/ru\/wp-json\/wp\/v2\/pages\/4033\/revisions"}],"predecessor-version":[{"id":4063,"href":"https:\/\/boutiquehomesturkiye.com.tr\/ru\/wp-json\/wp\/v2\/pages\/4033\/revisions\/4063"}],"up":[{"embeddable":true,"href":"https:\/\/boutiquehomesturkiye.com.tr\/ru\/wp-json\/wp\/v2\/pages\/4028"}],"wp:attachment":[{"href":"https:\/\/boutiquehomesturkiye.com.tr\/ru\/wp-json\/wp\/v2\/media?parent=4033"}],"curies":[{"name":"wp","href":"https:\/\/api.w.org\/{rel}","templated":true}]}}