{"id":4168,"date":"2024-02-16T18:02:18","date_gmt":"2024-02-16T18:02:18","guid":{"rendered":"https:\/\/boutiquehomesturkiye.com.tr\/?page_id=4168"},"modified":"2024-02-16T18:09:14","modified_gmt":"2024-02-16T18:09:14","slug":"aria-marin-daire-detay","status":"publish","type":"page","link":"https:\/\/boutiquehomesturkiye.com.tr\/ru\/aria-marin-daire-detay\/","title":{"rendered":"\u0414\u0435\u0442\u0430\u043b\u0438 \u0430\u043f\u0430\u0440\u0442\u0430\u043c\u0435\u043d\u0442\u043e\u0432 Aria Marin"},"content":{"rendered":"<div data-elementor-type=\"wp-post\" data-elementor-id=\"4168\" class=\"elementor elementor-4168\">\n\t\t\t\t\t\t<section class=\"elementor-section elementor-top-section elementor-element elementor-element-37a223f elementor-section-stretched elementor-section-full_width elementor-section-height-default elementor-section-height-default\" data-id=\"37a223f\" data-element_type=\"section\" data-settings=\"{&quot;stretch_section&quot;:&quot;section-stretched&quot;,&quot;background_background&quot;:&quot;classic&quot;}\">\n\t\t\t\t\t\t<div class=\"elementor-container elementor-column-gap-no\">\n\t\t\t\t\t<div class=\"elementor-column elementor-col-100 elementor-top-column elementor-element elementor-element-574cf33 animated-fast elementor-invisible\" data-id=\"574cf33\" data-element_type=\"column\" data-settings=\"{&quot;animation&quot;:&quot;opal-move-up&quot;}\">\n\t\t\t<div class=\"elementor-widget-wrap elementor-element-populated\">\n\t\t\t\t\t\t<div class=\"elementor-element elementor-element-f21c132 elementor-heading-mobile__align-center elementor-heading__align-center elementor-widget elementor-widget-heading\" data-id=\"f21c132\" data-element_type=\"widget\" data-widget_type=\"heading.default\">\n\t\t\t\t<div class=\"elementor-widget-container\">\n\t\t\t\t\t<h2 class=\"elementor-heading-title elementor-size-default\">\u0414\u0435\u0442\u0430\u043b\u044c \u043a\u0432\u0430\u0440\u0442\u0438\u0440\u044b<\/h2>\t\t\t\t<\/div>\n\t\t\t\t<\/div>\n\t\t\t\t<div class=\"elementor-element elementor-element-29138f1 elementor-heading-mobile__align-center elementor-heading__align-center elementor-widget elementor-widget-heading\" data-id=\"29138f1\" data-element_type=\"widget\" data-widget_type=\"heading.default\">\n\t\t\t\t<div class=\"elementor-widget-container\">\n\t\t\t\t\t<h2 class=\"elementor-heading-title elementor-size-default\"><a href=\"\/ru\/IKLAYIN\/\">\u0415\u0441\u043b\u0438 \u0432\u044b \u0445\u043e\u0442\u0438\u0442\u0435 \u0443\u0432\u0438\u0434\u0435\u0442\u044c \u043f\u043e\u0434\u0440\u043e\u0431\u043d\u0443\u044e \u0438\u043d\u0444\u043e\u0440\u043c\u0430\u0446\u0438\u044e \u043e \u043a\u0432\u0430\u0440\u0442\u0438\u0440\u0435, \u043d\u0430\u0436\u043c\u0438\u0442\u0435 \u043d\u0430 \u043d\u0435\u0435 <\/a><\/h2>\t\t\t\t<\/div>\n\t\t\t\t<\/div>\n\t\t\t\t<div class=\"elementor-element elementor-element-ac7a26b elementor-view-default elementor-widget elementor-widget-icon\" data-id=\"ac7a26b\" data-element_type=\"widget\" data-widget_type=\"icon.default\">\n\t\t\t\t<div class=\"elementor-widget-container\">\n\t\t\t\t\t\t\t<div class=\"elementor-icon-wrapper\">\n\t\t\t<div class=\"elementor-icon\">\n\t\t\t<i aria-hidden=\"true\" class=\"icon icon-down-arrow1\"><\/i>\t\t\t<\/div>\n\t\t<\/div>\n\t\t\t\t\t\t<\/div>\n\t\t\t\t<\/div>\n\t\t\t\t\t<\/div>\n\t\t<\/div>\n\t\t\t\t\t<\/div>\n\t\t<\/section>\n\t\t\t\t<section class=\"elementor-section elementor-top-section elementor-element elementor-element-e45d3af elementor-section-stretched elementor-section-full_width elementor-section-height-min-height elementor-section-height-default elementor-section-items-middle\" data-id=\"e45d3af\" data-element_type=\"section\" data-settings=\"{&quot;stretch_section&quot;:&quot;section-stretched&quot;}\">\n\t\t\t\t\t\t<div class=\"elementor-container elementor-column-gap-no\">\n\t\t\t\t\t<div class=\"elementor-column elementor-col-100 elementor-top-column elementor-element elementor-element-fcadc9b\" data-id=\"fcadc9b\" data-element_type=\"column\">\n\t\t\t<div class=\"elementor-widget-wrap elementor-element-populated\">\n\t\t\t\t\t\t<div class=\"elementor-element elementor-element-90b8991 elementor-widget elementor-widget-shortcode\" data-id=\"90b8991\" data-element_type=\"widget\" data-widget_type=\"shortcode.default\">\n\t\t\t\t<div class=\"elementor-widget-container\">\n\t\t\t\t\t\t\t<div class=\"elementor-shortcode\"><div><div id=\"image-map-pro-5f0c20f3-1227-4797-887f-a9ea11b77a51\"><\/div><\/div><\/div>\n\t\t\t\t\t\t<\/div>\n\t\t\t\t<\/div>\n\t\t\t\t\t<\/div>\n\t\t<\/div>\n\t\t\t\t\t<\/div>\n\t\t<\/section>\n\t\t\t\t<\/div>","protected":false},"excerpt":{"rendered":"<p>Daire Detay Hangi Dairenin Detay\u0131n\u0131 G\u00f6rmek \u0130sterseniz \u00dczerine T\u0131klay\u0131n\u0131z<\/p>","protected":false},"author":1,"featured_media":0,"parent":0,"menu_order":0,"comment_status":"closed","ping_status":"closed","template":"","meta":{"inline_featured_image":false,"footnotes":""},"class_list":["post-4168","page","type-page","status-publish","hentry"],"_links":{"self":[{"href":"https:\/\/boutiquehomesturkiye.com.tr\/ru\/wp-json\/wp\/v2\/pages\/4168","targetHints":{"allow":["GET"]}}],"collection":[{"href":"https:\/\/boutiquehomesturkiye.com.tr\/ru\/wp-json\/wp\/v2\/pages"}],"about":[{"href":"https:\/\/boutiquehomesturkiye.com.tr\/ru\/wp-json\/wp\/v2\/types\/page"}],"author":[{"embeddable":true,"href":"https:\/\/boutiquehomesturkiye.com.tr\/ru\/wp-json\/wp\/v2\/users\/1"}],"replies":[{"embeddable":true,"href":"https:\/\/boutiquehomesturkiye.com.tr\/ru\/wp-json\/wp\/v2\/comments?post=4168"}],"version-history":[{"count":8,"href":"https:\/\/boutiquehomesturkiye.com.tr\/ru\/wp-json\/wp\/v2\/pages\/4168\/revisions"}],"predecessor-version":[{"id":4237,"href":"https:\/\/boutiquehomesturkiye.com.tr\/ru\/wp-json\/wp\/v2\/pages\/4168\/revisions\/4237"}],"wp:attachment":[{"href":"https:\/\/boutiquehomesturkiye.com.tr\/ru\/wp-json\/wp\/v2\/media?parent=4168"}],"curies":[{"name":"wp","href":"https:\/\/api.w.org\/{rel}","templated":true}]}}