{"id":661,"date":"2018-12-22T03:29:14","date_gmt":"2018-12-22T03:29:14","guid":{"rendered":"https:\/\/demo2wpopal.b-cdn.net\/maisonco\/?page_id=661"},"modified":"2024-02-12T11:30:00","modified_gmt":"2024-02-12T11:30:00","slug":"projeler","status":"publish","type":"page","link":"https:\/\/boutiquehomesturkiye.com.tr\/ru\/projeler\/","title":{"rendered":"\u041f\u0440\u043e\u0435\u043a\u0442\u044b"},"content":{"rendered":"<div data-elementor-type=\"wp-page\" data-elementor-id=\"661\" class=\"elementor elementor-661\">\n\t\t\t\t\t\t<section class=\"elementor-section elementor-top-section elementor-element elementor-element-65ef5ce elementor-section-stretched elementor-section-full_width elementor-section-height-default elementor-section-height-default\" data-id=\"65ef5ce\" data-element_type=\"section\" data-settings=\"{&quot;stretch_section&quot;:&quot;section-stretched&quot;,&quot;background_background&quot;:&quot;classic&quot;}\">\n\t\t\t\t\t\t<div class=\"elementor-container elementor-column-gap-default\">\n\t\t\t\t\t<div class=\"elementor-column elementor-col-33 elementor-top-column elementor-element elementor-element-58e07ff animated-fast elementor-invisible\" data-id=\"58e07ff\" data-element_type=\"column\" data-settings=\"{&quot;animation&quot;:&quot;opal-move-up&quot;}\">\n\t\t\t<div class=\"elementor-widget-wrap elementor-element-populated\">\n\t\t\t\t\t\t<div class=\"elementor-widget-call-to-action elementor-element elementor-element-adf5ed2 elementor-cta--skin-cover elementor-cta--valign-middle call-to-action-wrapper-transform-none elementor-widget elementor-widget-call-to-action\" data-id=\"adf5ed2\" data-element_type=\"widget\" data-widget_type=\"call-to-action.default\">\n\t\t\t\t<div class=\"elementor-widget-container\">\n\t\t\t\t\t\t\t<a href=\"https:\/\/boutiquehomesturkiye.com.tr\/ru\/aria-marin-daire-detaylari\/\" class=\"elementor-cta\">\n\t\t\t\t\t<div class=\"elementor-cta__bg-wrapper\">\n\t\t\t\t<div class=\"elementor-cta__bg elementor-bg\" style=\"background-image: url(https:\/\/boutiquehomesturkiye.com.tr\/wp-content\/uploads\/2024\/01\/albatros-life-galer-finish-9.jpg);\"><\/div>\n\t\t\t\t<div class=\"elementor-cta__bg-overlay\"><\/div>\n\t\t\t<\/div>\n\t\t\t\t\t\t\t<div class=\"elementor-cta__content\">\n                            \n                                    <h2 class=\"elementor-cta__title elementor-cta__content-item elementor-content-item\">\n                    \u0417\u0430\u0432\u0435\u0440\u0448\u0435\u043d\u043d\u044b\u0435 \u043f\u0440\u043e\u0435\u043a\u0442\u044b                    <\/h2>\n                \n                                    <div class=\"elementor-cta__description elementor-cta__content-item elementor-content-item\">\n                        \u041f\u0420\u041e\u0415\u041a\u0422\u042b, \u0412 \u041a\u041e\u0422\u041e\u0420\u042b\u0425 \u041d\u0410\u0427\u0410\u041b\u0410\u0421\u042c \u0416\u0418\u0417\u041d\u042c                    <\/div>\n                \n                                <div class=\"elementor-cta__button-wrapper elementor-cta__content-item elementor-content-item\">\n                    <button class=\"elementor-cta__button elementor-button elementor-size-sm\">\n                    \u041e\u0431\u0437\u043e\u0440 \u0437\u0430\u0432\u0435\u0440\u0448\u0435\u043d\u043d\u044b\u0445 \u043f\u0440\u043e\u0435\u043a\u0442\u043e\u0432                    <\/button>\n                    <\/div>\n                \t\t\t<\/div>\n\t\t\t\t\t\t\t<div class=\"elementor-ribbon\">\n\t\t\t\t<div class=\"elementor-ribbon-inner\">\u0417\u0430\u0432\u0435\u0440\u0448\u0435\u043d\u043e<\/div>\n\t\t\t<\/div>\n\t\t\t\t<\/a>\n\t\t\t\t\t\t<\/div>\n\t\t\t\t<\/div>\n\t\t\t\t\t<\/div>\n\t\t<\/div>\n\t\t\t\t<div class=\"elementor-column elementor-col-33 elementor-top-column elementor-element elementor-element-fc5a7b1 animated-fast elementor-invisible\" data-id=\"fc5a7b1\" data-element_type=\"column\" data-settings=\"{&quot;animation&quot;:&quot;opal-move-up&quot;}\">\n\t\t\t<div class=\"elementor-widget-wrap elementor-element-populated\">\n\t\t\t\t\t\t<div class=\"elementor-widget-call-to-action elementor-element elementor-element-5dc8d84 elementor-cta--skin-cover elementor-cta--valign-middle call-to-action-wrapper-transform-none elementor-widget elementor-widget-call-to-action\" data-id=\"5dc8d84\" data-element_type=\"widget\" data-widget_type=\"call-to-action.default\">\n\t\t\t\t<div class=\"elementor-widget-container\">\n\t\t\t\t\t\t\t<a href=\"https:\/\/boutiquehomesturkiye.com.tr\/ru\/aria-marin-daire-detaylari\/\" class=\"elementor-cta\">\n\t\t\t\t\t<div class=\"elementor-cta__bg-wrapper\">\n\t\t\t\t<div class=\"elementor-cta__bg elementor-bg\" style=\"background-image: url(https:\/\/boutiquehomesturkiye.com.tr\/wp-content\/uploads\/2024\/01\/aria-marin-galeri-ham-2.jpg);\"><\/div>\n\t\t\t\t<div class=\"elementor-cta__bg-overlay\"><\/div>\n\t\t\t<\/div>\n\t\t\t\t\t\t\t<div class=\"elementor-cta__content\">\n                            \n                                    <h2 class=\"elementor-cta__title elementor-cta__content-item elementor-content-item\">\n                    \u0422\u0435\u043a\u0443\u0449\u0438\u0435 \u043f\u0440\u043e\u0435\u043a\u0442\u044b                    <\/h2>\n                \n                                    <div class=\"elementor-cta__description elementor-cta__content-item elementor-content-item\">\n                        \u0412 \u043f\u0440\u043e\u0446\u0435\u0441\u0441\u0435 \u0441\u0442\u0440\u043e\u0438\u0442\u0435\u043b\u044c\u0441\u0442\u0432\u0430                    <\/div>\n                \n                                <div class=\"elementor-cta__button-wrapper elementor-cta__content-item elementor-content-item\">\n                    <button class=\"elementor-cta__button elementor-button elementor-size-sm\">\n                    \u041e\u0431\u0437\u043e\u0440 \u0442\u0435\u043a\u0443\u0449\u0438\u0445 \u043f\u0440\u043e\u0435\u043a\u0442\u043e\u0432                    <\/button>\n                    <\/div>\n                \t\t\t<\/div>\n\t\t\t\t\t\t\t<div class=\"elementor-ribbon\">\n\t\t\t\t<div class=\"elementor-ribbon-inner\">\u041f\u0440\u043e\u0434\u043e\u043b\u0436\u0435\u043d\u0438\u0435<\/div>\n\t\t\t<\/div>\n\t\t\t\t<\/a>\n\t\t\t\t\t\t<\/div>\n\t\t\t\t<\/div>\n\t\t\t\t\t<\/div>\n\t\t<\/div>\n\t\t\t\t<div class=\"elementor-column elementor-col-33 elementor-top-column elementor-element elementor-element-42c1acc animated-fast elementor-invisible\" data-id=\"42c1acc\" data-element_type=\"column\" data-settings=\"{&quot;animation&quot;:&quot;opal-move-up&quot;}\">\n\t\t\t<div class=\"elementor-widget-wrap elementor-element-populated\">\n\t\t\t\t\t\t<div class=\"elementor-widget-call-to-action elementor-element elementor-element-f41631f elementor-cta--skin-cover elementor-cta--valign-middle call-to-action-wrapper-transform-none elementor-widget elementor-widget-call-to-action\" data-id=\"f41631f\" data-element_type=\"widget\" data-widget_type=\"call-to-action.default\">\n\t\t\t\t<div class=\"elementor-widget-container\">\n\t\t\t\t\t\t\t<a href=\"https:\/\/boutiquehomesturkiye.com.tr\/ru\/aria-marin-daire-detaylari\/\" class=\"elementor-cta\">\n\t\t\t\t\t<div class=\"elementor-cta__bg-wrapper\">\n\t\t\t\t<div class=\"elementor-cta__bg elementor-bg\" style=\"background-image: url(https:\/\/boutiquehomesturkiye.com.tr\/wp-content\/uploads\/2019\/11\/residence_bg1.png);\"><\/div>\n\t\t\t\t<div class=\"elementor-cta__bg-overlay\"><\/div>\n\t\t\t<\/div>\n\t\t\t\t\t\t\t<div class=\"elementor-cta__content\">\n                            \n                                    <h2 class=\"elementor-cta__title elementor-cta__content-item elementor-content-item\">\n                    \u041f\u043b\u0430\u043d\u0438\u0440\u0443\u0435\u043c\u044b\u0435 \u043f\u0440\u043e\u0435\u043a\u0442\u044b                    <\/h2>\n                \n                                    <div class=\"elementor-cta__description elementor-cta__content-item elementor-content-item\">\n                        \u041f\u043e\u0434\u0433\u043e\u0442\u043e\u0432\u043b\u0435\u043d\u043d\u044b\u0435 \u043f\u0440\u043e\u0435\u043a\u0442\u044b                    <\/div>\n                \n                                <div class=\"elementor-cta__button-wrapper elementor-cta__content-item elementor-content-item\">\n                    <button class=\"elementor-cta__button elementor-button elementor-size-sm\">\n                    \u0412\u0437\u0433\u043b\u044f\u043d\u0438\u0442\u0435 \u043d\u0430 \u043d\u0430\u0448\u0438 \u0433\u043e\u0442\u043e\u0432\u044b\u0435 \u043f\u0440\u043e\u0435\u043a\u0442\u044b                    <\/button>\n                    <\/div>\n                \t\t\t<\/div>\n\t\t\t\t\t\t\t<div class=\"elementor-ribbon\">\n\t\t\t\t<div class=\"elementor-ribbon-inner\">\u041f\u043b\u0430\u043d\u0438\u0440\u0443\u0435\u0442\u0441\u044f<\/div>\n\t\t\t<\/div>\n\t\t\t\t<\/a>\n\t\t\t\t\t\t<\/div>\n\t\t\t\t<\/div>\n\t\t\t\t\t<\/div>\n\t\t<\/div>\n\t\t\t\t\t<\/div>\n\t\t<\/section>\n\t\t\t\t<\/div>","protected":false},"excerpt":{"rendered":"<p>Tamamlanan Projeler YA\u015eAM BA\u015eLAYAN PROJELER Tamamlanan Projeleri \u0130ncele Tamamland\u0131 Devam Eden Projeler \u0130n\u015faat\u0131 Devam Eden Devam Eden Projeleri \u0130ncele Devam Ediyor Planlanan Projeler Haz\u0131rlanan Projelerimiz Haz\u0131rlanan Projelerimize G\u00f6z At\u0131n Planlan\u0131yor<\/p>","protected":false},"author":1,"featured_media":0,"parent":0,"menu_order":0,"comment_status":"closed","ping_status":"closed","template":"","meta":{"inline_featured_image":false,"footnotes":""},"class_list":["post-661","page","type-page","status-publish","hentry"],"_links":{"self":[{"href":"https:\/\/boutiquehomesturkiye.com.tr\/ru\/wp-json\/wp\/v2\/pages\/661","targetHints":{"allow":["GET"]}}],"collection":[{"href":"https:\/\/boutiquehomesturkiye.com.tr\/ru\/wp-json\/wp\/v2\/pages"}],"about":[{"href":"https:\/\/boutiquehomesturkiye.com.tr\/ru\/wp-json\/wp\/v2\/types\/page"}],"author":[{"embeddable":true,"href":"https:\/\/boutiquehomesturkiye.com.tr\/ru\/wp-json\/wp\/v2\/users\/1"}],"replies":[{"embeddable":true,"href":"https:\/\/boutiquehomesturkiye.com.tr\/ru\/wp-json\/wp\/v2\/comments?post=661"}],"version-history":[{"count":11,"href":"https:\/\/boutiquehomesturkiye.com.tr\/ru\/wp-json\/wp\/v2\/pages\/661\/revisions"}],"predecessor-version":[{"id":3987,"href":"https:\/\/boutiquehomesturkiye.com.tr\/ru\/wp-json\/wp\/v2\/pages\/661\/revisions\/3987"}],"wp:attachment":[{"href":"https:\/\/boutiquehomesturkiye.com.tr\/ru\/wp-json\/wp\/v2\/media?parent=661"}],"curies":[{"name":"wp","href":"https:\/\/api.w.org\/{rel}","templated":true}]}}